{"id":1049,"date":"2024-02-26T13:20:22","date_gmt":"2024-02-26T16:20:22","guid":{"rendered":"https:\/\/alexandrasolnado.com\/flash\/?page_id=1049"},"modified":"2024-02-26T16:12:45","modified_gmt":"2024-02-26T19:12:45","slug":"ebook","status":"publish","type":"page","link":"https:\/\/alexandrasolnado.com\/flash\/df-bencaos\/ebook\/","title":{"rendered":"E-Book &#8220;As B\u00ean\u00e7\u00e3os&#8221; &#8211; por Alex Solnado"},"content":{"rendered":"\t\t<div data-elementor-type=\"wp-page\" data-elementor-id=\"1049\" class=\"elementor elementor-1049\" data-elementor-post-type=\"page\">\n\t\t\t\t\t\t<section data-particle_enable=\"false\" data-particle-mobile-disabled=\"false\" class=\"has_ae_slider elementor-section elementor-top-section elementor-element elementor-element-3579252 elementor-section-boxed elementor-section-height-default elementor-section-height-default ae-bg-gallery-type-default\" data-id=\"3579252\" data-element_type=\"section\">\n\t\t\t\t\t\t<div class=\"elementor-container elementor-column-gap-default\">\n\t\t\t\t\t<div class=\"has_ae_slider elementor-column elementor-col-100 elementor-top-column elementor-element elementor-element-6df5903 ae-bg-gallery-type-default\" data-id=\"6df5903\" data-element_type=\"column\">\n\t\t\t<div class=\"elementor-widget-wrap elementor-element-populated\">\n\t\t\t\t\t\t<div class=\"elementor-element elementor-element-bcc9a7c elementor-widget elementor-widget-image\" data-id=\"bcc9a7c\" data-element_type=\"widget\" data-widget_type=\"image.default\">\n\t\t\t\t<div class=\"elementor-widget-container\">\n\t\t\t<style>\/*! elementor - v3.19.0 - 07-02-2024 *\/\n.elementor-widget-image{text-align:center}.elementor-widget-image a{display:inline-block}.elementor-widget-image a img[src$=\".svg\"]{width:48px}.elementor-widget-image img{vertical-align:middle;display:inline-block}<\/style>\t\t\t\t\t\t\t\t\t\t<img fetchpriority=\"high\" decoding=\"async\" width=\"946\" height=\"403\" src=\"https:\/\/alexandrasolnado.com\/flash\/wp-content\/uploads\/2021\/08\/frame-alex-orange-03.png\" class=\"attachment-full size-full wp-image-81\" alt=\"\" srcset=\"https:\/\/alexandrasolnado.com\/flash\/wp-content\/uploads\/2021\/08\/frame-alex-orange-03.png 946w, https:\/\/alexandrasolnado.com\/flash\/wp-content\/uploads\/2021\/08\/frame-alex-orange-03-300x128.png 300w, https:\/\/alexandrasolnado.com\/flash\/wp-content\/uploads\/2021\/08\/frame-alex-orange-03-768x327.png 768w\" sizes=\"(max-width: 946px) 100vw, 946px\" \/>\t\t\t\t\t\t\t\t\t\t\t\t\t<\/div>\n\t\t\t\t<\/div>\n\t\t\t\t<section data-particle_enable=\"false\" data-particle-mobile-disabled=\"false\" class=\"has_ae_slider elementor-section elementor-inner-section elementor-element elementor-element-a293c2e elementor-section-boxed elementor-section-height-default elementor-section-height-default ae-bg-gallery-type-default\" data-id=\"a293c2e\" data-element_type=\"section\">\n\t\t\t\t\t\t<div class=\"elementor-container elementor-column-gap-default\">\n\t\t\t\t\t<div class=\"has_ae_slider elementor-column elementor-col-25 elementor-inner-column elementor-element elementor-element-fd6f7bc elementor-hidden-mobile ae-bg-gallery-type-default\" data-id=\"fd6f7bc\" data-element_type=\"column\">\n\t\t\t<div class=\"elementor-widget-wrap\">\n\t\t\t\t\t\t\t<\/div>\n\t\t<\/div>\n\t\t\t\t<div class=\"has_ae_slider elementor-column elementor-col-25 elementor-inner-column elementor-element elementor-element-b576cdd ae-bg-gallery-type-default\" data-id=\"b576cdd\" data-element_type=\"column\">\n\t\t\t<div class=\"elementor-widget-wrap elementor-element-populated\">\n\t\t\t\t\t\t<div class=\"elementor-element elementor-element-bdf5cde elementor-widget elementor-widget-image\" data-id=\"bdf5cde\" data-element_type=\"widget\" data-widget_type=\"image.default\">\n\t\t\t\t<div class=\"elementor-widget-container\">\n\t\t\t\t\t\t\t\t\t\t\t\t\t<img decoding=\"async\" width=\"2048\" height=\"2294\" src=\"https:\/\/alexandrasolnado.com\/flash\/wp-content\/uploads\/2021\/08\/logo-daily-flash-novo-sem-fundo.png\" class=\"attachment-full size-full wp-image-45\" alt=\"Logotipo Medita\u00e7\u00f5es Daily Flash\" srcset=\"https:\/\/alexandrasolnado.com\/flash\/wp-content\/uploads\/2021\/08\/logo-daily-flash-novo-sem-fundo.png 2048w, https:\/\/alexandrasolnado.com\/flash\/wp-content\/uploads\/2021\/08\/logo-daily-flash-novo-sem-fundo-268x300.png 268w, https:\/\/alexandrasolnado.com\/flash\/wp-content\/uploads\/2021\/08\/logo-daily-flash-novo-sem-fundo-914x1024.png 914w, https:\/\/alexandrasolnado.com\/flash\/wp-content\/uploads\/2021\/08\/logo-daily-flash-novo-sem-fundo-768x860.png 768w, https:\/\/alexandrasolnado.com\/flash\/wp-content\/uploads\/2021\/08\/logo-daily-flash-novo-sem-fundo-1371x1536.png 1371w, https:\/\/alexandrasolnado.com\/flash\/wp-content\/uploads\/2021\/08\/logo-daily-flash-novo-sem-fundo-1828x2048.png 1828w\" sizes=\"(max-width: 2048px) 100vw, 2048px\" \/>\t\t\t\t\t\t\t\t\t\t\t\t\t<\/div>\n\t\t\t\t<\/div>\n\t\t\t\t\t<\/div>\n\t\t<\/div>\n\t\t\t\t<div class=\"has_ae_slider elementor-column elementor-col-25 elementor-inner-column elementor-element elementor-element-8e4cad0 ae-bg-gallery-type-default\" data-id=\"8e4cad0\" data-element_type=\"column\">\n\t\t\t<div class=\"elementor-widget-wrap elementor-element-populated\">\n\t\t\t\t\t\t<div class=\"elementor-element elementor-element-00929c6 elementor-widget elementor-widget-text-editor\" data-id=\"00929c6\" data-element_type=\"widget\" data-widget_type=\"text-editor.default\">\n\t\t\t\t<div class=\"elementor-widget-container\">\n\t\t\t<style>\/*! elementor - v3.19.0 - 07-02-2024 *\/\n.elementor-widget-text-editor.elementor-drop-cap-view-stacked .elementor-drop-cap{background-color:#69727d;color:#fff}.elementor-widget-text-editor.elementor-drop-cap-view-framed .elementor-drop-cap{color:#69727d;border:3px solid;background-color:transparent}.elementor-widget-text-editor:not(.elementor-drop-cap-view-default) .elementor-drop-cap{margin-top:8px}.elementor-widget-text-editor:not(.elementor-drop-cap-view-default) .elementor-drop-cap-letter{width:1em;height:1em}.elementor-widget-text-editor .elementor-drop-cap{float:left;text-align:center;line-height:1;font-size:50px}.elementor-widget-text-editor .elementor-drop-cap-letter{display:inline-block}<\/style>\t\t\t\t<p>Voc\u00ea sabia que a sua vida est\u00e1 cheia de B\u00ean\u00e7\u00e3os?<\/p>\t\t\t\t\t\t<\/div>\n\t\t\t\t<\/div>\n\t\t\t\t<div class=\"elementor-element elementor-element-c17ee89 elementor-widget elementor-widget-text-editor\" data-id=\"c17ee89\" data-element_type=\"widget\" data-widget_type=\"text-editor.default\">\n\t\t\t\t<div class=\"elementor-widget-container\">\n\t\t\t\t\t\t\t<p>Voc\u00ea sabe o que \u00e9 uma B\u00ean\u00e7\u00e3o?<\/p><p>Como receb\u00ea-la? Como reconhec\u00ea-la?<\/p><p>Eu vou ensinar voc\u00ea a fazer tudo isso no:<\/p>\t\t\t\t\t\t<\/div>\n\t\t\t\t<\/div>\n\t\t\t\t<div class=\"elementor-element elementor-element-c1ac8e0 elementor-widget elementor-widget-text-editor\" data-id=\"c1ac8e0\" data-element_type=\"widget\" data-widget_type=\"text-editor.default\">\n\t\t\t\t<div class=\"elementor-widget-container\">\n\t\t\t\t\t\t\t<p>E-BOOK Gratuito &#8220;AS B\u00caN\u00c7\u00c3OS&#8221;<\/p>\t\t\t\t\t\t<\/div>\n\t\t\t\t<\/div>\n\t\t\t\t<div class=\"elementor-element elementor-element-4d873d1 elementor-widget elementor-widget-text-editor\" data-id=\"4d873d1\" data-element_type=\"widget\" data-widget_type=\"text-editor.default\">\n\t\t\t\t<div class=\"elementor-widget-container\">\n\t\t\t\t\t\t\t<p>Para onde devo enviar este E-Book?<\/p>\t\t\t\t\t\t<\/div>\n\t\t\t\t<\/div>\n\t\t\t\t<div class=\"elementor-element elementor-element-708079f elementor-widget elementor-widget-html\" data-id=\"708079f\" data-element_type=\"widget\" data-widget_type=\"html.default\">\n\t\t\t\t<div class=\"elementor-widget-container\">\n\t\t\t<!-- In\u00edcio Form DF B\u00ean\u00e7\u00e3os -->\r\n\r\n<form accept-charset=\"UTF-8\" action=\"https:\/\/jd274.infusionsoft.com\/app\/form\/process\/1e7cf1cba2d82a18f2d8c42d2cc757b4\" class=\"infusion-form\" id=\"inf_form_1e7cf1cba2d82a18f2d8c42d2cc757b4\" method=\"POST\">\r\n    <input name=\"inf_form_xid\" type=\"hidden\" value=\"1e7cf1cba2d82a18f2d8c42d2cc757b4\" \/>\r\n    <input name=\"inf_form_name\" type=\"hidden\" value=\"Daily Flash&#a;Bencaos- LP Magnet\" \/>\r\n    <input name=\"infusionsoft_version\" type=\"hidden\" value=\"1.70.0.642516\" \/>\r\n    <div class=\"infusion-field\">\r\n        <label for=\"inf_field_FirstName\" style=\"color: #9d8253; font-family: Avenir, sans-serif; font-weight: 700; font-size: 17px;\">Nome*<\/label>\r\n        <input id=\"inf_field_FirstName\" name=\"inf_field_FirstName\" placeholder=\"Como gosta de ser chamad@?\" type=\"text\" style=\"margin-top: 5px; font-family: Avenir, sans-serif; font-size: 16px; font-weight: 500; background-color: #fefefe; border: 2px solid #9d8253; border-radius: 500px;\" \/>\r\n    <\/div>\r\n    <div class=\"infusion-field\" style=\"margin-top: 10px;\">\r\n        <label for=\"inf_field_Email\" style=\"color: #9d8253; font-family: Avenir, sans-serif; font-weight: 700; font-size: 17px;\">E-mail*<\/label>\r\n        <input id=\"inf_field_Email\" name=\"inf_field_Email\" placeholder=\"Digite seu e-mail...\" type=\"text\" style=\"margin-top: 5px; font-family: Avenir, sans-serif; font-size: 16px; font-weight: 500; background-color: #fefefe; border: 2px solid #9d8253; border-radius: 500px;\" \/>\r\n    <\/div>\r\n    <div class=\"infusion-field\" style=\"margin-top: 10px;\">\r\n        <label for=\"inf_option_Emqueidiomagostariadereceber\" style=\"color: #9d8253; font-family: Avenir, sans-serif; font-weight: 700; font-size: 17px;\">Em que idioma gostaria de receber? *<\/label>\r\n        <div class=\"infusion-radio\">\r\n            <div class=\"options-container\">\r\n                <span class=\"infusion-option\">\r\n                    <input id=\"inf_option_Emqueidiomagostariadereceber_3637\" name=\"inf_option_Emqueidiomagostariadereceber\" type=\"radio\" value=\"3637\" \/>\r\n                    <label for=\"inf_option_Emqueidiomagostariadereceber_3637\" style=\"color: #9d8253; font-family: Avenir, sans-serif; font-weight: 500; font-size: 16px;\">Portugu\u00eas de Portugal - PT<\/label>\r\n                <\/span>\r\n                <br\/>\r\n                <span class=\"infusion-option\">\r\n                    <input id=\"inf_option_Emqueidiomagostariadereceber_3639\" name=\"inf_option_Emqueidiomagostariadereceber\" type=\"radio\" value=\"3639\" \/>\r\n                    <label for=\"inf_option_Emqueidiomagostariadereceber_3639\" style=\"color: #9d8253; font-family: Avenir, sans-serif; font-weight: 500; font-size: 16px;\">Portugu\u00eas do Brasil - BR<\/label>\r\n                <\/span>\r\n            <\/div>\r\n        <\/div>\r\n    <\/div>\r\n    <div>\r\n        <div>&nbsp;<\/div>\r\n    <\/div>\r\n    <div class=\"infusion-submit\" style=\"text-align: center;\">\r\n        <button type=\"submit\" style=\"background-color: #e88b2b; border-radius: 500px; font-family: Avenir, sans-serif; font-weight: 700; text-transform: uppercase; color: #fefefe; font-size: 19px; padding: 12px 35px; border: 0;\">Quero o e-book<\/button>\r\n    <\/div>\r\n<\/form>\r\n<script type=\"text\/javascript\" src=\"https:\/\/jd274.infusionsoft.app\/app\/webTracking\/getTrackingCode\"><\/script>\r\n<script type=\"text\/javascript\" src=\"https:\/\/jd274.infusionsoft.com\/app\/timezone\/timezoneInputJs?xid=1e7cf1cba2d82a18f2d8c42d2cc757b4\"><\/script>\r\n<script type=\"text\/javascript\" src=\"https:\/\/jd274.infusionsoft.com\/js\/jquery\/jquery-3.3.1.js\"><\/script>\r\n<script type=\"text\/javascript\" src=\"https:\/\/jd274.infusionsoft.app\/app\/webform\/overwriteRefererJs\"><\/script>\r\n\r\n<!-- Final Form DF B\u00ean\u00e7\u00e3os -->\t\t<\/div>\n\t\t\t\t<\/div>\n\t\t\t\t\t<\/div>\n\t\t<\/div>\n\t\t\t\t<div class=\"has_ae_slider elementor-column elementor-col-25 elementor-inner-column elementor-element elementor-element-f3e4099 elementor-hidden-mobile ae-bg-gallery-type-default\" data-id=\"f3e4099\" data-element_type=\"column\">\n\t\t\t<div class=\"elementor-widget-wrap\">\n\t\t\t\t\t\t\t<\/div>\n\t\t<\/div>\n\t\t\t\t\t<\/div>\n\t\t<\/section>\n\t\t\t\t\t<\/div>\n\t\t<\/div>\n\t\t\t\t\t<\/div>\n\t\t<\/section>\n\t\t\t\t<\/div>\n\t\t","protected":false},"excerpt":{"rendered":"<p>Voc\u00ea sabia que a sua vida est\u00e1 cheia de B\u00ean\u00e7\u00e3os? Voc\u00ea sabe o que \u00e9 uma B\u00ean\u00e7\u00e3o? Como receb\u00ea-la? Como reconhec\u00ea-la? Eu vou ensinar voc\u00ea a fazer tudo isso no: E-BOOK Gratuito &#8220;AS B\u00caN\u00c7\u00c3OS&#8221; Para onde devo enviar este E-Book? Nome* E-mail* Em que idioma gostaria de receber? * Portugu\u00eas de Portugal &#8211; PT Portugu\u00eas [&hellip;]<\/p>\n","protected":false},"author":1,"featured_media":1045,"parent":1042,"menu_order":0,"comment_status":"closed","ping_status":"closed","template":"","meta":{"footnotes":""},"class_list":["post-1049","page","type-page","status-publish","has-post-thumbnail","hentry"],"yoast_head":"<!-- This site is optimized with the Yoast SEO Premium plugin v22.1 (Yoast SEO v22.1) - https:\/\/yoast.com\/wordpress\/plugins\/seo\/ -->\n<title>E-Book &quot;As B\u00ean\u00e7\u00e3os&quot; - por Alex Solnado - Flash Meditation<\/title>\n<meta name=\"description\" content=\"E se voc\u00ea tivesse ajuda para resgatar suas Crian\u00e7as Interiores? Poderia encontrar um Futuro melhor. Fa\u00e7a a medita\u00e7\u00e3o Crian\u00e7a Interior Ideal.\" \/>\n<meta name=\"robots\" content=\"index, follow, max-snippet:-1, max-image-preview:large, max-video-preview:-1\" \/>\n<link rel=\"canonical\" href=\"https:\/\/alexandrasolnado.com\/flash\/df-bencaos\/ebook\/\" \/>\n<meta property=\"og:locale\" content=\"pt_BR\" \/>\n<meta property=\"og:type\" content=\"article\" \/>\n<meta property=\"og:title\" content=\"E-Book &quot;As B\u00ean\u00e7\u00e3os&quot; - por Alex Solnado\" \/>\n<meta property=\"og:description\" content=\"E se voc\u00ea tivesse ajuda para resgatar suas Crian\u00e7as Interiores? Poderia encontrar um Futuro melhor. Fa\u00e7a a medita\u00e7\u00e3o Crian\u00e7a Interior Ideal.\" \/>\n<meta property=\"og:url\" content=\"https:\/\/alexandrasolnado.com\/flash\/df-bencaos\/ebook\/\" \/>\n<meta property=\"og:site_name\" content=\"Flash Meditation\" \/>\n<meta property=\"article:modified_time\" content=\"2024-02-26T19:12:45+00:00\" \/>\n<meta property=\"og:image\" content=\"https:\/\/alexandrasolnado.com\/flash\/wp-content\/uploads\/2024\/02\/logo-df-bencaos-quadrado.jpg\" \/>\n\t<meta property=\"og:image:width\" content=\"1000\" \/>\n\t<meta property=\"og:image:height\" content=\"1000\" \/>\n\t<meta property=\"og:image:type\" content=\"image\/jpeg\" \/>\n<meta name=\"twitter:card\" content=\"summary_large_image\" \/>\n<meta name=\"twitter:label1\" content=\"Est. tempo de leitura\" \/>\n\t<meta name=\"twitter:data1\" content=\"1 minuto\" \/>\n<script type=\"application\/ld+json\" class=\"yoast-schema-graph\">{\"@context\":\"https:\/\/schema.org\",\"@graph\":[{\"@type\":\"WebPage\",\"@id\":\"https:\/\/alexandrasolnado.com\/flash\/df-bencaos\/ebook\/\",\"url\":\"https:\/\/alexandrasolnado.com\/flash\/df-bencaos\/ebook\/\",\"name\":\"E-Book \\\"As B\u00ean\u00e7\u00e3os\\\" - por Alex Solnado - Flash Meditation\",\"isPartOf\":{\"@id\":\"https:\/\/alexandrasolnado.com\/flash\/#website\"},\"datePublished\":\"2024-02-26T16:20:22+00:00\",\"dateModified\":\"2024-02-26T19:12:45+00:00\",\"description\":\"E se voc\u00ea tivesse ajuda para resgatar suas Crian\u00e7as Interiores? Poderia encontrar um Futuro melhor. Fa\u00e7a a medita\u00e7\u00e3o Crian\u00e7a Interior Ideal.\",\"breadcrumb\":{\"@id\":\"https:\/\/alexandrasolnado.com\/flash\/df-bencaos\/ebook\/#breadcrumb\"},\"inLanguage\":\"pt-BR\",\"potentialAction\":[{\"@type\":\"ReadAction\",\"target\":[\"https:\/\/alexandrasolnado.com\/flash\/df-bencaos\/ebook\/\"]}]},{\"@type\":\"BreadcrumbList\",\"@id\":\"https:\/\/alexandrasolnado.com\/flash\/df-bencaos\/ebook\/#breadcrumb\",\"itemListElement\":[{\"@type\":\"ListItem\",\"position\":1,\"name\":\"Home\",\"item\":\"https:\/\/alexandrasolnado.com\/flash\/\"},{\"@type\":\"ListItem\",\"position\":2,\"name\":\"Daily Flash B\u00ean\u00e7\u00e3os\",\"item\":\"https:\/\/alexandrasolnado.com\/flash\/df-bencaos\/\"},{\"@type\":\"ListItem\",\"position\":3,\"name\":\"E-Book &#8220;As B\u00ean\u00e7\u00e3os&#8221; &#8211; por Alex Solnado\"}]},{\"@type\":\"WebSite\",\"@id\":\"https:\/\/alexandrasolnado.com\/flash\/#website\",\"url\":\"https:\/\/alexandrasolnado.com\/flash\/\",\"name\":\"Flash Meditation\",\"description\":\"por Alex Solnado\",\"publisher\":{\"@id\":\"https:\/\/alexandrasolnado.com\/flash\/#organization\"},\"potentialAction\":[{\"@type\":\"SearchAction\",\"target\":{\"@type\":\"EntryPoint\",\"urlTemplate\":\"https:\/\/alexandrasolnado.com\/flash\/?s={search_term_string}\"},\"query-input\":\"required name=search_term_string\"}],\"inLanguage\":\"pt-BR\"},{\"@type\":\"Organization\",\"@id\":\"https:\/\/alexandrasolnado.com\/flash\/#organization\",\"name\":\"Flash Meditation\",\"url\":\"https:\/\/alexandrasolnado.com\/flash\/\",\"logo\":{\"@type\":\"ImageObject\",\"inLanguage\":\"pt-BR\",\"@id\":\"https:\/\/alexandrasolnado.com\/flash\/#\/schema\/logo\/image\/\",\"url\":\"https:\/\/alexandrasolnado.com\/flash\/wp-content\/uploads\/2021\/08\/logo-flash-meditation-alta.png\",\"contentUrl\":\"https:\/\/alexandrasolnado.com\/flash\/wp-content\/uploads\/2021\/08\/logo-flash-meditation-alta.png\",\"width\":692,\"height\":879,\"caption\":\"Flash Meditation\"},\"image\":{\"@id\":\"https:\/\/alexandrasolnado.com\/flash\/#\/schema\/logo\/image\/\"}}]}<\/script>\n<!-- \/ Yoast SEO Premium plugin. -->","yoast_head_json":{"title":"E-Book \"As B\u00ean\u00e7\u00e3os\" - por Alex Solnado - Flash Meditation","description":"E se voc\u00ea tivesse ajuda para resgatar suas Crian\u00e7as Interiores? Poderia encontrar um Futuro melhor. Fa\u00e7a a medita\u00e7\u00e3o Crian\u00e7a Interior Ideal.","robots":{"index":"index","follow":"follow","max-snippet":"max-snippet:-1","max-image-preview":"max-image-preview:large","max-video-preview":"max-video-preview:-1"},"canonical":"https:\/\/alexandrasolnado.com\/flash\/df-bencaos\/ebook\/","og_locale":"pt_BR","og_type":"article","og_title":"E-Book \"As B\u00ean\u00e7\u00e3os\" - por Alex Solnado","og_description":"E se voc\u00ea tivesse ajuda para resgatar suas Crian\u00e7as Interiores? Poderia encontrar um Futuro melhor. Fa\u00e7a a medita\u00e7\u00e3o Crian\u00e7a Interior Ideal.","og_url":"https:\/\/alexandrasolnado.com\/flash\/df-bencaos\/ebook\/","og_site_name":"Flash Meditation","article_modified_time":"2024-02-26T19:12:45+00:00","og_image":[{"width":1000,"height":1000,"url":"https:\/\/alexandrasolnado.com\/flash\/wp-content\/uploads\/2024\/02\/logo-df-bencaos-quadrado.jpg","type":"image\/jpeg"}],"twitter_card":"summary_large_image","twitter_misc":{"Est. tempo de leitura":"1 minuto"},"schema":{"@context":"https:\/\/schema.org","@graph":[{"@type":"WebPage","@id":"https:\/\/alexandrasolnado.com\/flash\/df-bencaos\/ebook\/","url":"https:\/\/alexandrasolnado.com\/flash\/df-bencaos\/ebook\/","name":"E-Book \"As B\u00ean\u00e7\u00e3os\" - por Alex Solnado - Flash Meditation","isPartOf":{"@id":"https:\/\/alexandrasolnado.com\/flash\/#website"},"datePublished":"2024-02-26T16:20:22+00:00","dateModified":"2024-02-26T19:12:45+00:00","description":"E se voc\u00ea tivesse ajuda para resgatar suas Crian\u00e7as Interiores? Poderia encontrar um Futuro melhor. Fa\u00e7a a medita\u00e7\u00e3o Crian\u00e7a Interior Ideal.","breadcrumb":{"@id":"https:\/\/alexandrasolnado.com\/flash\/df-bencaos\/ebook\/#breadcrumb"},"inLanguage":"pt-BR","potentialAction":[{"@type":"ReadAction","target":["https:\/\/alexandrasolnado.com\/flash\/df-bencaos\/ebook\/"]}]},{"@type":"BreadcrumbList","@id":"https:\/\/alexandrasolnado.com\/flash\/df-bencaos\/ebook\/#breadcrumb","itemListElement":[{"@type":"ListItem","position":1,"name":"Home","item":"https:\/\/alexandrasolnado.com\/flash\/"},{"@type":"ListItem","position":2,"name":"Daily Flash B\u00ean\u00e7\u00e3os","item":"https:\/\/alexandrasolnado.com\/flash\/df-bencaos\/"},{"@type":"ListItem","position":3,"name":"E-Book &#8220;As B\u00ean\u00e7\u00e3os&#8221; &#8211; por Alex Solnado"}]},{"@type":"WebSite","@id":"https:\/\/alexandrasolnado.com\/flash\/#website","url":"https:\/\/alexandrasolnado.com\/flash\/","name":"Flash Meditation","description":"por Alex Solnado","publisher":{"@id":"https:\/\/alexandrasolnado.com\/flash\/#organization"},"potentialAction":[{"@type":"SearchAction","target":{"@type":"EntryPoint","urlTemplate":"https:\/\/alexandrasolnado.com\/flash\/?s={search_term_string}"},"query-input":"required name=search_term_string"}],"inLanguage":"pt-BR"},{"@type":"Organization","@id":"https:\/\/alexandrasolnado.com\/flash\/#organization","name":"Flash Meditation","url":"https:\/\/alexandrasolnado.com\/flash\/","logo":{"@type":"ImageObject","inLanguage":"pt-BR","@id":"https:\/\/alexandrasolnado.com\/flash\/#\/schema\/logo\/image\/","url":"https:\/\/alexandrasolnado.com\/flash\/wp-content\/uploads\/2021\/08\/logo-flash-meditation-alta.png","contentUrl":"https:\/\/alexandrasolnado.com\/flash\/wp-content\/uploads\/2021\/08\/logo-flash-meditation-alta.png","width":692,"height":879,"caption":"Flash Meditation"},"image":{"@id":"https:\/\/alexandrasolnado.com\/flash\/#\/schema\/logo\/image\/"}}]}},"_links":{"self":[{"href":"https:\/\/alexandrasolnado.com\/flash\/wp-json\/wp\/v2\/pages\/1049","targetHints":{"allow":["GET"]}}],"collection":[{"href":"https:\/\/alexandrasolnado.com\/flash\/wp-json\/wp\/v2\/pages"}],"about":[{"href":"https:\/\/alexandrasolnado.com\/flash\/wp-json\/wp\/v2\/types\/page"}],"author":[{"embeddable":true,"href":"https:\/\/alexandrasolnado.com\/flash\/wp-json\/wp\/v2\/users\/1"}],"replies":[{"embeddable":true,"href":"https:\/\/alexandrasolnado.com\/flash\/wp-json\/wp\/v2\/comments?post=1049"}],"version-history":[{"count":0,"href":"https:\/\/alexandrasolnado.com\/flash\/wp-json\/wp\/v2\/pages\/1049\/revisions"}],"up":[{"embeddable":true,"href":"https:\/\/alexandrasolnado.com\/flash\/wp-json\/wp\/v2\/pages\/1042"}],"wp:featuredmedia":[{"embeddable":true,"href":"https:\/\/alexandrasolnado.com\/flash\/wp-json\/wp\/v2\/media\/1045"}],"wp:attachment":[{"href":"https:\/\/alexandrasolnado.com\/flash\/wp-json\/wp\/v2\/media?parent=1049"}],"curies":[{"name":"wp","href":"https:\/\/api.w.org\/{rel}","templated":true}]}}