{"id":1136,"date":"2024-02-27T17:59:06","date_gmt":"2024-02-27T20:59:06","guid":{"rendered":"https:\/\/alexandrasolnado.com\/flash\/?page_id=1136"},"modified":"2024-02-27T18:06:32","modified_gmt":"2024-02-27T21:06:32","slug":"ebook","status":"publish","type":"page","link":"https:\/\/alexandrasolnado.com\/flash\/limpeza\/br\/ebook\/","title":{"rendered":"E-Book &#8220;A Import\u00e2ncia da Limpeza Espiritual&#8221; (Brasil)"},"content":{"rendered":"\t\t<div data-elementor-type=\"wp-page\" data-elementor-id=\"1136\" class=\"elementor elementor-1136\" data-elementor-post-type=\"page\">\n\t\t\t\t\t\t<section data-particle_enable=\"false\" data-particle-mobile-disabled=\"false\" class=\"has_ae_slider elementor-section elementor-top-section elementor-element elementor-element-99cd4a8 elementor-section-boxed elementor-section-height-default elementor-section-height-default ae-bg-gallery-type-default\" data-id=\"99cd4a8\" data-element_type=\"section\" data-settings=\"{&quot;background_background&quot;:&quot;classic&quot;}\">\n\t\t\t\t\t\t<div class=\"elementor-container elementor-column-gap-default\">\n\t\t\t\t\t<div class=\"has_ae_slider elementor-column elementor-col-100 elementor-top-column elementor-element elementor-element-1eac79f ae-bg-gallery-type-default\" data-id=\"1eac79f\" data-element_type=\"column\">\n\t\t\t<div class=\"elementor-widget-wrap elementor-element-populated\">\n\t\t\t\t\t\t<div class=\"elementor-element elementor-element-dfcf6ab elementor-widget elementor-widget-image\" data-id=\"dfcf6ab\" data-element_type=\"widget\" data-widget_type=\"image.default\">\n\t\t\t\t<div class=\"elementor-widget-container\">\n\t\t\t<style>\/*! elementor - v3.19.0 - 07-02-2024 *\/\n.elementor-widget-image{text-align:center}.elementor-widget-image a{display:inline-block}.elementor-widget-image a img[src$=\".svg\"]{width:48px}.elementor-widget-image img{vertical-align:middle;display:inline-block}<\/style>\t\t\t\t\t\t\t\t\t\t<img fetchpriority=\"high\" decoding=\"async\" width=\"946\" height=\"403\" src=\"https:\/\/alexandrasolnado.com\/flash\/wp-content\/uploads\/2021\/08\/frame-alex-orange-03.png\" class=\"attachment-full size-full wp-image-81\" alt=\"\" srcset=\"https:\/\/alexandrasolnado.com\/flash\/wp-content\/uploads\/2021\/08\/frame-alex-orange-03.png 946w, https:\/\/alexandrasolnado.com\/flash\/wp-content\/uploads\/2021\/08\/frame-alex-orange-03-300x128.png 300w, https:\/\/alexandrasolnado.com\/flash\/wp-content\/uploads\/2021\/08\/frame-alex-orange-03-768x327.png 768w\" sizes=\"(max-width: 946px) 100vw, 946px\" \/>\t\t\t\t\t\t\t\t\t\t\t\t\t<\/div>\n\t\t\t\t<\/div>\n\t\t\t\t<div class=\"elementor-element elementor-element-637d4d5 elementor-widget elementor-widget-image\" data-id=\"637d4d5\" data-element_type=\"widget\" data-widget_type=\"image.default\">\n\t\t\t\t<div class=\"elementor-widget-container\">\n\t\t\t\t\t\t\t\t\t\t\t\t\t<img decoding=\"async\" width=\"692\" height=\"879\" src=\"https:\/\/alexandrasolnado.com\/flash\/wp-content\/uploads\/2021\/08\/logo-flash-meditation-alta.png\" class=\"attachment-full size-full wp-image-46\" alt=\"Logotipo Medita\u00e7\u00f5es Flash\" srcset=\"https:\/\/alexandrasolnado.com\/flash\/wp-content\/uploads\/2021\/08\/logo-flash-meditation-alta.png 692w, https:\/\/alexandrasolnado.com\/flash\/wp-content\/uploads\/2021\/08\/logo-flash-meditation-alta-236x300.png 236w\" sizes=\"(max-width: 692px) 100vw, 692px\" \/>\t\t\t\t\t\t\t\t\t\t\t\t\t<\/div>\n\t\t\t\t<\/div>\n\t\t\t\t<section data-particle_enable=\"false\" data-particle-mobile-disabled=\"false\" class=\"has_ae_slider elementor-section elementor-inner-section elementor-element elementor-element-591ac5d elementor-section-boxed elementor-section-height-default elementor-section-height-default ae-bg-gallery-type-default\" data-id=\"591ac5d\" data-element_type=\"section\">\n\t\t\t\t\t\t<div class=\"elementor-container elementor-column-gap-default\">\n\t\t\t\t\t<div class=\"has_ae_slider elementor-column elementor-col-33 elementor-inner-column elementor-element elementor-element-7a298ec elementor-hidden-mobile ae-bg-gallery-type-default\" data-id=\"7a298ec\" data-element_type=\"column\">\n\t\t\t<div class=\"elementor-widget-wrap\">\n\t\t\t\t\t\t\t<\/div>\n\t\t<\/div>\n\t\t\t\t<div class=\"has_ae_slider elementor-column elementor-col-33 elementor-inner-column elementor-element elementor-element-2a49a61 ae-bg-gallery-type-default\" data-id=\"2a49a61\" data-element_type=\"column\">\n\t\t\t<div class=\"elementor-widget-wrap elementor-element-populated\">\n\t\t\t\t\t\t<div class=\"elementor-element elementor-element-a5a588f elementor-widget elementor-widget-text-editor\" data-id=\"a5a588f\" data-element_type=\"widget\" data-widget_type=\"text-editor.default\">\n\t\t\t\t<div class=\"elementor-widget-container\">\n\t\t\t<style>\/*! elementor - v3.19.0 - 07-02-2024 *\/\n.elementor-widget-text-editor.elementor-drop-cap-view-stacked .elementor-drop-cap{background-color:#69727d;color:#fff}.elementor-widget-text-editor.elementor-drop-cap-view-framed .elementor-drop-cap{color:#69727d;border:3px solid;background-color:transparent}.elementor-widget-text-editor:not(.elementor-drop-cap-view-default) .elementor-drop-cap{margin-top:8px}.elementor-widget-text-editor:not(.elementor-drop-cap-view-default) .elementor-drop-cap-letter{width:1em;height:1em}.elementor-widget-text-editor .elementor-drop-cap{float:left;text-align:center;line-height:1;font-size:50px}.elementor-widget-text-editor .elementor-drop-cap-letter{display:inline-block}<\/style>\t\t\t\t<p>Voc\u00ea sabe o que \u00e9 uma Limpeza Espiritual?<\/p>\t\t\t\t\t\t<\/div>\n\t\t\t\t<\/div>\n\t\t\t\t\t<\/div>\n\t\t<\/div>\n\t\t\t\t<div class=\"has_ae_slider elementor-column elementor-col-33 elementor-inner-column elementor-element elementor-element-54414a0 elementor-hidden-mobile ae-bg-gallery-type-default\" data-id=\"54414a0\" data-element_type=\"column\">\n\t\t\t<div class=\"elementor-widget-wrap\">\n\t\t\t\t\t\t\t<\/div>\n\t\t<\/div>\n\t\t\t\t\t<\/div>\n\t\t<\/section>\n\t\t\t\t<section data-particle_enable=\"false\" data-particle-mobile-disabled=\"false\" class=\"has_ae_slider elementor-section elementor-inner-section elementor-element elementor-element-0bd1bec elementor-section-boxed elementor-section-height-default elementor-section-height-default ae-bg-gallery-type-default\" data-id=\"0bd1bec\" data-element_type=\"section\">\n\t\t\t\t\t\t<div class=\"elementor-container elementor-column-gap-default\">\n\t\t\t\t\t<div class=\"has_ae_slider elementor-column elementor-col-33 elementor-inner-column elementor-element elementor-element-c1851b4 elementor-hidden-mobile ae-bg-gallery-type-default\" data-id=\"c1851b4\" data-element_type=\"column\">\n\t\t\t<div class=\"elementor-widget-wrap\">\n\t\t\t\t\t\t\t<\/div>\n\t\t<\/div>\n\t\t\t\t<div class=\"has_ae_slider elementor-column elementor-col-33 elementor-inner-column elementor-element elementor-element-1533c5b ae-bg-gallery-type-default\" data-id=\"1533c5b\" data-element_type=\"column\">\n\t\t\t<div class=\"elementor-widget-wrap elementor-element-populated\">\n\t\t\t\t\t\t<div class=\"elementor-element elementor-element-4f07c3a elementor-widget elementor-widget-text-editor\" data-id=\"4f07c3a\" data-element_type=\"widget\" data-widget_type=\"text-editor.default\">\n\t\t\t\t<div class=\"elementor-widget-container\">\n\t\t\t\t\t\t\t<p><strong>J\u00e1 lhe aconteceu ter dores nas costas, do nada?<\/strong><br \/><strong>Ou uma vontade doida de bocejar?<\/strong><br \/><strong>Ou uma falta de energia, que parece que correu uma maratona?<\/strong><\/p><p>Pois bem, tudo isso s\u00e3o sintomas de que precisa de uma Limpeza Espiritual.<br \/>E se n\u00e3o sabe muito bem o que \u00e9 isso, ou j\u00e1 sabe, mas gostaria de aprofundar:<br \/>Veja o que preparei para voc\u00ea: <strong>E-Book: <span style=\"color: #83b56d;\">\u201cA Import\u00e2ncia da Limpeza Espiritual\u201d<\/span><\/strong><\/p><p><span style=\"color: #9d8253;\">Neste Ebook eu falo:<\/span><\/p><ol><li>O que \u00e9 uma Limpeza Espiritual<\/li><li>O que \u00e9 uma Conex\u00e3o Espiritual<\/li><li>Tipos de Densidade Energ\u00e9tica<\/li><li>Sintomas de que precisa de uma Limpeza<\/li><li>Aprendendo a AutoLimpeza<\/li><li>Textos Elucidativos<\/li><\/ol>\t\t\t\t\t\t<\/div>\n\t\t\t\t<\/div>\n\t\t\t\t<div class=\"elementor-element elementor-element-e306064 elementor-widget elementor-widget-image\" data-id=\"e306064\" data-element_type=\"widget\" data-widget_type=\"image.default\">\n\t\t\t\t<div class=\"elementor-widget-container\">\n\t\t\t\t\t\t\t\t\t\t\t\t\t<img decoding=\"async\" width=\"17\" height=\"17\" src=\"https:\/\/alexandrasolnado.com\/flash\/wp-content\/uploads\/2021\/08\/circulo-divider.png\" class=\"attachment-full size-full wp-image-147\" alt=\"\" \/>\t\t\t\t\t\t\t\t\t\t\t\t\t<\/div>\n\t\t\t\t<\/div>\n\t\t\t\t<div class=\"elementor-element elementor-element-08caf11 elementor-widget elementor-widget-text-editor\" data-id=\"08caf11\" data-element_type=\"widget\" data-widget_type=\"text-editor.default\">\n\t\t\t\t<div class=\"elementor-widget-container\">\n\t\t\t\t\t\t\t<p>Para onde devo enviar a sua c\u00f3pia do Ebook<br \/>\u201cA Import\u00e2ncia da Limpeza Espiritual\u201d?<\/p>\t\t\t\t\t\t<\/div>\n\t\t\t\t<\/div>\n\t\t\t\t\t<\/div>\n\t\t<\/div>\n\t\t\t\t<div class=\"has_ae_slider elementor-column elementor-col-33 elementor-inner-column elementor-element elementor-element-3c58ffa elementor-hidden-mobile ae-bg-gallery-type-default\" data-id=\"3c58ffa\" data-element_type=\"column\">\n\t\t\t<div class=\"elementor-widget-wrap\">\n\t\t\t\t\t\t\t<\/div>\n\t\t<\/div>\n\t\t\t\t\t<\/div>\n\t\t<\/section>\n\t\t\t\t<section data-particle_enable=\"false\" data-particle-mobile-disabled=\"false\" class=\"has_ae_slider elementor-section elementor-inner-section elementor-element elementor-element-25de465 elementor-section-boxed elementor-section-height-default elementor-section-height-default ae-bg-gallery-type-default\" data-id=\"25de465\" data-element_type=\"section\">\n\t\t\t\t\t\t<div class=\"elementor-container elementor-column-gap-default\">\n\t\t\t\t\t<div class=\"has_ae_slider elementor-column elementor-col-33 elementor-inner-column elementor-element elementor-element-f8630d3 elementor-hidden-mobile ae-bg-gallery-type-default\" data-id=\"f8630d3\" data-element_type=\"column\">\n\t\t\t<div class=\"elementor-widget-wrap\">\n\t\t\t\t\t\t\t<\/div>\n\t\t<\/div>\n\t\t\t\t<div class=\"has_ae_slider elementor-column elementor-col-33 elementor-inner-column elementor-element elementor-element-4c1dafe ae-bg-gallery-type-default\" data-id=\"4c1dafe\" data-element_type=\"column\">\n\t\t\t<div class=\"elementor-widget-wrap elementor-element-populated\">\n\t\t\t\t\t\t<div class=\"elementor-element elementor-element-eb378df elementor-widget elementor-widget-html\" data-id=\"eb378df\" data-element_type=\"widget\" data-widget_type=\"html.default\">\n\t\t\t\t<div class=\"elementor-widget-container\">\n\t\t\t<!-- In\u00edcio Form Ebook Limpeza BR -->\r\n\r\n<form accept-charset=\"UTF-8\" action=\"https:\/\/jd274.infusionsoft.com\/app\/form\/process\/559d7573e6cfd004f72d818553db0cf0\" class=\"infusion-form\" id=\"inf_form_559d7573e6cfd004f72d818553db0cf0\" method=\"POST\">\r\n    <input name=\"inf_form_xid\" type=\"hidden\" value=\"559d7573e6cfd004f72d818553db0cf0\" \/>\r\n    <input name=\"inf_form_name\" type=\"hidden\" value=\"Ebook - Flash Limpeza&#a;BR\" \/>\r\n    <input name=\"infusionsoft_version\" type=\"hidden\" value=\"1.70.0.644579\" \/>\r\n    <div class=\"infusion-field\">\r\n        <label for=\"inf_field_FirstName\" style=\"font-family: 'Avenir'; font-weight: 700; font-size: 18px; text-transform: uppercase; color:#9D8253; text-align: center; display: block;\">Nome*<\/label>\r\n        <input id=\"inf_field_FirstName\" name=\"inf_field_FirstName\" placeholder=\"Como gosta de ser chamad@?\" type=\"text\" style=\"font-family: 'Avenir'; font-weight: 400; font-size: 18px; border: 2px solid #9D8253; border-radius: 200px; margin-top:5px;\" \/>\r\n    <\/div>\r\n    <div class=\"infusion-field\" style=\"margin-top: 15px;\">\r\n        <label for=\"inf_field_Email\" style=\"font-family: 'Avenir'; font-weight: 700; font-size: 18px; text-transform: uppercase; color:#9D8253; text-align: center; display: block;\">E-mail*<\/label>\r\n        <input id=\"inf_field_Email\" name=\"inf_field_Email\" placeholder=\"Digite seu e-mail...\" type=\"text\" style=\"font-family: 'Avenir'; font-weight: 400; font-size: 18px; border: 2px solid #9D8253; border-radius: 200px; margin-top:5px;\" \/>\r\n    <\/div>\r\n    <div>\r\n        <div>&nbsp;<\/div>\r\n    <\/div>\r\n    <div class=\"infusion-submit\" style=\"text-align: center;\">\r\n        <button type=\"submit\" style=\"font-family: 'Avenir'; font-weight: 700; font-size: 16px; text-transform: uppercase; border:0; background-color: #9D8253; color:#fefefe; border-radius:200px; padding: 12px 30px\">Quero o e-book!<\/button>\r\n    <\/div>\r\n<\/form>\r\n<script type=\"text\/javascript\" src=\"https:\/\/jd274.infusionsoft.app\/app\/webTracking\/getTrackingCode\"><\/script>\r\n<script type=\"text\/javascript\" src=\"https:\/\/jd274.infusionsoft.com\/app\/timezone\/timezoneInputJs?xid=559d7573e6cfd004f72d818553db0cf0\"><\/script>\r\n<script type=\"text\/javascript\" src=\"https:\/\/jd274.infusionsoft.com\/js\/jquery\/jquery-3.3.1.js\"><\/script>\r\n<script type=\"text\/javascript\" src=\"https:\/\/jd274.infusionsoft.app\/app\/webform\/overwriteRefererJs\"><\/script>\r\n\r\n<!-- Final Form Ebook Limpeza BR -->\t\t<\/div>\n\t\t\t\t<\/div>\n\t\t\t\t\t<\/div>\n\t\t<\/div>\n\t\t\t\t<div class=\"has_ae_slider elementor-column elementor-col-33 elementor-inner-column elementor-element elementor-element-771b293 elementor-hidden-mobile ae-bg-gallery-type-default\" data-id=\"771b293\" data-element_type=\"column\">\n\t\t\t<div class=\"elementor-widget-wrap\">\n\t\t\t\t\t\t\t<\/div>\n\t\t<\/div>\n\t\t\t\t\t<\/div>\n\t\t<\/section>\n\t\t\t\t\t<\/div>\n\t\t<\/div>\n\t\t\t\t\t<\/div>\n\t\t<\/section>\n\t\t\t\t<\/div>\n\t\t","protected":false},"excerpt":{"rendered":"<p>Voc\u00ea sabe o que \u00e9 uma Limpeza Espiritual? J\u00e1 lhe aconteceu ter dores nas costas, do nada?Ou uma vontade doida de bocejar?Ou uma falta de energia, que parece que correu uma maratona? Pois bem, tudo isso s\u00e3o sintomas de que precisa de uma Limpeza Espiritual.E se n\u00e3o sabe muito bem o que \u00e9 isso, ou [&hellip;]<\/p>\n","protected":false},"author":1,"featured_media":1086,"parent":1103,"menu_order":0,"comment_status":"closed","ping_status":"closed","template":"","meta":{"footnotes":""},"class_list":["post-1136","page","type-page","status-publish","has-post-thumbnail","hentry"],"yoast_head":"<!-- This site is optimized with the Yoast SEO Premium plugin v22.1 (Yoast SEO v22.1) - https:\/\/yoast.com\/wordpress\/plugins\/seo\/ -->\n<title>E-Book &quot;A Import\u00e2ncia da Limpeza Espiritual&quot; (Brasil) - Flash Meditation<\/title>\n<meta name=\"description\" content=\"Conhe\u00e7a a sua Crian\u00e7a Interior Ideal, revisite o passado e aprenda a encaminhar os personagens de Vidas Passadas.\" \/>\n<meta name=\"robots\" content=\"index, follow, max-snippet:-1, max-image-preview:large, max-video-preview:-1\" \/>\n<link rel=\"canonical\" href=\"https:\/\/alexandrasolnado.com\/flash\/limpeza\/br\/ebook\/\" \/>\n<meta property=\"og:locale\" content=\"pt_BR\" \/>\n<meta property=\"og:type\" content=\"article\" \/>\n<meta property=\"og:title\" content=\"E-Book &quot;A Import\u00e2ncia da Limpeza Espiritual&quot; (Brasil)\" \/>\n<meta property=\"og:description\" content=\"Conhe\u00e7a a sua Crian\u00e7a Interior Ideal, revisite o passado e aprenda a encaminhar os personagens de Vidas Passadas.\" \/>\n<meta property=\"og:url\" content=\"https:\/\/alexandrasolnado.com\/flash\/limpeza\/br\/ebook\/\" \/>\n<meta property=\"og:site_name\" content=\"Flash Meditation\" \/>\n<meta property=\"article:modified_time\" content=\"2024-02-27T21:06:32+00:00\" \/>\n<meta property=\"og:image\" content=\"https:\/\/alexandrasolnado.com\/flash\/wp-content\/uploads\/2024\/02\/logo-hotmart.jpg\" \/>\n\t<meta property=\"og:image:width\" content=\"1628\" \/>\n\t<meta property=\"og:image:height\" content=\"1628\" \/>\n\t<meta property=\"og:image:type\" content=\"image\/jpeg\" \/>\n<meta name=\"twitter:card\" content=\"summary_large_image\" \/>\n<meta name=\"twitter:label1\" content=\"Est. tempo de leitura\" \/>\n\t<meta name=\"twitter:data1\" content=\"2 minutos\" \/>\n<script type=\"application\/ld+json\" class=\"yoast-schema-graph\">{\"@context\":\"https:\/\/schema.org\",\"@graph\":[{\"@type\":\"WebPage\",\"@id\":\"https:\/\/alexandrasolnado.com\/flash\/limpeza\/br\/ebook\/\",\"url\":\"https:\/\/alexandrasolnado.com\/flash\/limpeza\/br\/ebook\/\",\"name\":\"E-Book \\\"A Import\u00e2ncia da Limpeza Espiritual\\\" (Brasil) - Flash Meditation\",\"isPartOf\":{\"@id\":\"https:\/\/alexandrasolnado.com\/flash\/#website\"},\"datePublished\":\"2024-02-27T20:59:06+00:00\",\"dateModified\":\"2024-02-27T21:06:32+00:00\",\"description\":\"Conhe\u00e7a a sua Crian\u00e7a Interior Ideal, revisite o passado e aprenda a encaminhar os personagens de Vidas Passadas.\",\"breadcrumb\":{\"@id\":\"https:\/\/alexandrasolnado.com\/flash\/limpeza\/br\/ebook\/#breadcrumb\"},\"inLanguage\":\"pt-BR\",\"potentialAction\":[{\"@type\":\"ReadAction\",\"target\":[\"https:\/\/alexandrasolnado.com\/flash\/limpeza\/br\/ebook\/\"]}]},{\"@type\":\"BreadcrumbList\",\"@id\":\"https:\/\/alexandrasolnado.com\/flash\/limpeza\/br\/ebook\/#breadcrumb\",\"itemListElement\":[{\"@type\":\"ListItem\",\"position\":1,\"name\":\"Home\",\"item\":\"https:\/\/alexandrasolnado.com\/flash\/\"},{\"@type\":\"ListItem\",\"position\":2,\"name\":\"Flash Limpeza Espiritual\",\"item\":\"https:\/\/alexandrasolnado.com\/flash\/limpeza\/\"},{\"@type\":\"ListItem\",\"position\":3,\"name\":\"Flash Limpeza Espiritual (Brasil)\",\"item\":\"https:\/\/alexandrasolnado.com\/flash\/limpeza\/br\/\"},{\"@type\":\"ListItem\",\"position\":4,\"name\":\"E-Book &#8220;A Import\u00e2ncia da Limpeza Espiritual&#8221; (Brasil)\"}]},{\"@type\":\"WebSite\",\"@id\":\"https:\/\/alexandrasolnado.com\/flash\/#website\",\"url\":\"https:\/\/alexandrasolnado.com\/flash\/\",\"name\":\"Flash Meditation\",\"description\":\"por Alex Solnado\",\"publisher\":{\"@id\":\"https:\/\/alexandrasolnado.com\/flash\/#organization\"},\"potentialAction\":[{\"@type\":\"SearchAction\",\"target\":{\"@type\":\"EntryPoint\",\"urlTemplate\":\"https:\/\/alexandrasolnado.com\/flash\/?s={search_term_string}\"},\"query-input\":\"required name=search_term_string\"}],\"inLanguage\":\"pt-BR\"},{\"@type\":\"Organization\",\"@id\":\"https:\/\/alexandrasolnado.com\/flash\/#organization\",\"name\":\"Flash Meditation\",\"url\":\"https:\/\/alexandrasolnado.com\/flash\/\",\"logo\":{\"@type\":\"ImageObject\",\"inLanguage\":\"pt-BR\",\"@id\":\"https:\/\/alexandrasolnado.com\/flash\/#\/schema\/logo\/image\/\",\"url\":\"https:\/\/alexandrasolnado.com\/flash\/wp-content\/uploads\/2021\/08\/logo-flash-meditation-alta.png\",\"contentUrl\":\"https:\/\/alexandrasolnado.com\/flash\/wp-content\/uploads\/2021\/08\/logo-flash-meditation-alta.png\",\"width\":692,\"height\":879,\"caption\":\"Flash Meditation\"},\"image\":{\"@id\":\"https:\/\/alexandrasolnado.com\/flash\/#\/schema\/logo\/image\/\"}}]}<\/script>\n<!-- \/ Yoast SEO Premium plugin. -->","yoast_head_json":{"title":"E-Book \"A Import\u00e2ncia da Limpeza Espiritual\" (Brasil) - Flash Meditation","description":"Conhe\u00e7a a sua Crian\u00e7a Interior Ideal, revisite o passado e aprenda a encaminhar os personagens de Vidas Passadas.","robots":{"index":"index","follow":"follow","max-snippet":"max-snippet:-1","max-image-preview":"max-image-preview:large","max-video-preview":"max-video-preview:-1"},"canonical":"https:\/\/alexandrasolnado.com\/flash\/limpeza\/br\/ebook\/","og_locale":"pt_BR","og_type":"article","og_title":"E-Book \"A Import\u00e2ncia da Limpeza Espiritual\" (Brasil)","og_description":"Conhe\u00e7a a sua Crian\u00e7a Interior Ideal, revisite o passado e aprenda a encaminhar os personagens de Vidas Passadas.","og_url":"https:\/\/alexandrasolnado.com\/flash\/limpeza\/br\/ebook\/","og_site_name":"Flash Meditation","article_modified_time":"2024-02-27T21:06:32+00:00","og_image":[{"width":1628,"height":1628,"url":"https:\/\/alexandrasolnado.com\/flash\/wp-content\/uploads\/2024\/02\/logo-hotmart.jpg","type":"image\/jpeg"}],"twitter_card":"summary_large_image","twitter_misc":{"Est. tempo de leitura":"2 minutos"},"schema":{"@context":"https:\/\/schema.org","@graph":[{"@type":"WebPage","@id":"https:\/\/alexandrasolnado.com\/flash\/limpeza\/br\/ebook\/","url":"https:\/\/alexandrasolnado.com\/flash\/limpeza\/br\/ebook\/","name":"E-Book \"A Import\u00e2ncia da Limpeza Espiritual\" (Brasil) - Flash Meditation","isPartOf":{"@id":"https:\/\/alexandrasolnado.com\/flash\/#website"},"datePublished":"2024-02-27T20:59:06+00:00","dateModified":"2024-02-27T21:06:32+00:00","description":"Conhe\u00e7a a sua Crian\u00e7a Interior Ideal, revisite o passado e aprenda a encaminhar os personagens de Vidas Passadas.","breadcrumb":{"@id":"https:\/\/alexandrasolnado.com\/flash\/limpeza\/br\/ebook\/#breadcrumb"},"inLanguage":"pt-BR","potentialAction":[{"@type":"ReadAction","target":["https:\/\/alexandrasolnado.com\/flash\/limpeza\/br\/ebook\/"]}]},{"@type":"BreadcrumbList","@id":"https:\/\/alexandrasolnado.com\/flash\/limpeza\/br\/ebook\/#breadcrumb","itemListElement":[{"@type":"ListItem","position":1,"name":"Home","item":"https:\/\/alexandrasolnado.com\/flash\/"},{"@type":"ListItem","position":2,"name":"Flash Limpeza Espiritual","item":"https:\/\/alexandrasolnado.com\/flash\/limpeza\/"},{"@type":"ListItem","position":3,"name":"Flash Limpeza Espiritual (Brasil)","item":"https:\/\/alexandrasolnado.com\/flash\/limpeza\/br\/"},{"@type":"ListItem","position":4,"name":"E-Book &#8220;A Import\u00e2ncia da Limpeza Espiritual&#8221; (Brasil)"}]},{"@type":"WebSite","@id":"https:\/\/alexandrasolnado.com\/flash\/#website","url":"https:\/\/alexandrasolnado.com\/flash\/","name":"Flash Meditation","description":"por Alex Solnado","publisher":{"@id":"https:\/\/alexandrasolnado.com\/flash\/#organization"},"potentialAction":[{"@type":"SearchAction","target":{"@type":"EntryPoint","urlTemplate":"https:\/\/alexandrasolnado.com\/flash\/?s={search_term_string}"},"query-input":"required name=search_term_string"}],"inLanguage":"pt-BR"},{"@type":"Organization","@id":"https:\/\/alexandrasolnado.com\/flash\/#organization","name":"Flash Meditation","url":"https:\/\/alexandrasolnado.com\/flash\/","logo":{"@type":"ImageObject","inLanguage":"pt-BR","@id":"https:\/\/alexandrasolnado.com\/flash\/#\/schema\/logo\/image\/","url":"https:\/\/alexandrasolnado.com\/flash\/wp-content\/uploads\/2021\/08\/logo-flash-meditation-alta.png","contentUrl":"https:\/\/alexandrasolnado.com\/flash\/wp-content\/uploads\/2021\/08\/logo-flash-meditation-alta.png","width":692,"height":879,"caption":"Flash Meditation"},"image":{"@id":"https:\/\/alexandrasolnado.com\/flash\/#\/schema\/logo\/image\/"}}]}},"_links":{"self":[{"href":"https:\/\/alexandrasolnado.com\/flash\/wp-json\/wp\/v2\/pages\/1136","targetHints":{"allow":["GET"]}}],"collection":[{"href":"https:\/\/alexandrasolnado.com\/flash\/wp-json\/wp\/v2\/pages"}],"about":[{"href":"https:\/\/alexandrasolnado.com\/flash\/wp-json\/wp\/v2\/types\/page"}],"author":[{"embeddable":true,"href":"https:\/\/alexandrasolnado.com\/flash\/wp-json\/wp\/v2\/users\/1"}],"replies":[{"embeddable":true,"href":"https:\/\/alexandrasolnado.com\/flash\/wp-json\/wp\/v2\/comments?post=1136"}],"version-history":[{"count":0,"href":"https:\/\/alexandrasolnado.com\/flash\/wp-json\/wp\/v2\/pages\/1136\/revisions"}],"up":[{"embeddable":true,"href":"https:\/\/alexandrasolnado.com\/flash\/wp-json\/wp\/v2\/pages\/1103"}],"wp:featuredmedia":[{"embeddable":true,"href":"https:\/\/alexandrasolnado.com\/flash\/wp-json\/wp\/v2\/media\/1086"}],"wp:attachment":[{"href":"https:\/\/alexandrasolnado.com\/flash\/wp-json\/wp\/v2\/media?parent=1136"}],"curies":[{"name":"wp","href":"https:\/\/api.w.org\/{rel}","templated":true}]}}