{"id":234,"date":"2021-08-20T14:21:31","date_gmt":"2021-08-20T17:21:31","guid":{"rendered":"https:\/\/alexandrasolnado.com\/flash\/?page_id=234"},"modified":"2021-09-22T13:55:22","modified_gmt":"2021-09-22T16:55:22","slug":"meditacao","status":"publish","type":"page","link":"https:\/\/alexandrasolnado.com\/flash\/criancainterior-pt\/meditacao\/","title":{"rendered":"Medita\u00e7\u00e3o Crian\u00e7a Interior Ideal (Portugal)"},"content":{"rendered":"\t\t<div data-elementor-type=\"wp-page\" data-elementor-id=\"234\" class=\"elementor elementor-234\" data-elementor-post-type=\"page\">\n\t\t\t\t\t\t<section data-particle_enable=\"false\" data-particle-mobile-disabled=\"false\" class=\"has_ae_slider elementor-section elementor-top-section elementor-element elementor-element-144732e elementor-section-boxed elementor-section-height-default elementor-section-height-default ae-bg-gallery-type-default\" data-id=\"144732e\" data-element_type=\"section\">\n\t\t\t\t\t\t<div class=\"elementor-container elementor-column-gap-default\">\n\t\t\t\t\t<div class=\"has_ae_slider elementor-column elementor-col-100 elementor-top-column elementor-element elementor-element-bec8444 ae-bg-gallery-type-default\" data-id=\"bec8444\" data-element_type=\"column\">\n\t\t\t<div class=\"elementor-widget-wrap elementor-element-populated\">\n\t\t\t\t\t\t<div class=\"elementor-element elementor-element-4b07456 elementor-widget elementor-widget-image\" data-id=\"4b07456\" data-element_type=\"widget\" data-widget_type=\"image.default\">\n\t\t\t\t<div class=\"elementor-widget-container\">\n\t\t\t<style>\/*! elementor - v3.19.0 - 07-02-2024 *\/\n.elementor-widget-image{text-align:center}.elementor-widget-image a{display:inline-block}.elementor-widget-image a img[src$=\".svg\"]{width:48px}.elementor-widget-image img{vertical-align:middle;display:inline-block}<\/style>\t\t\t\t\t\t\t\t\t\t<img fetchpriority=\"high\" decoding=\"async\" width=\"946\" height=\"403\" src=\"https:\/\/alexandrasolnado.com\/flash\/wp-content\/uploads\/2021\/08\/frame-alex-orange-03.png\" class=\"attachment-full size-full wp-image-81\" alt=\"\" srcset=\"https:\/\/alexandrasolnado.com\/flash\/wp-content\/uploads\/2021\/08\/frame-alex-orange-03.png 946w, https:\/\/alexandrasolnado.com\/flash\/wp-content\/uploads\/2021\/08\/frame-alex-orange-03-300x128.png 300w, https:\/\/alexandrasolnado.com\/flash\/wp-content\/uploads\/2021\/08\/frame-alex-orange-03-768x327.png 768w\" sizes=\"(max-width: 946px) 100vw, 946px\" \/>\t\t\t\t\t\t\t\t\t\t\t\t\t<\/div>\n\t\t\t\t<\/div>\n\t\t\t\t<section data-particle_enable=\"false\" data-particle-mobile-disabled=\"false\" class=\"has_ae_slider elementor-section elementor-inner-section elementor-element elementor-element-6e19b9f elementor-section-boxed elementor-section-height-default elementor-section-height-default ae-bg-gallery-type-default\" data-id=\"6e19b9f\" data-element_type=\"section\">\n\t\t\t\t\t\t<div class=\"elementor-container elementor-column-gap-default\">\n\t\t\t\t\t<div class=\"has_ae_slider elementor-column elementor-col-25 elementor-inner-column elementor-element elementor-element-31b579d elementor-hidden-mobile ae-bg-gallery-type-default\" data-id=\"31b579d\" data-element_type=\"column\">\n\t\t\t<div class=\"elementor-widget-wrap\">\n\t\t\t\t\t\t\t<\/div>\n\t\t<\/div>\n\t\t\t\t<div class=\"has_ae_slider elementor-column elementor-col-25 elementor-inner-column elementor-element elementor-element-6bb5c86 ae-bg-gallery-type-default\" data-id=\"6bb5c86\" data-element_type=\"column\">\n\t\t\t<div class=\"elementor-widget-wrap elementor-element-populated\">\n\t\t\t\t\t\t<div class=\"elementor-element elementor-element-0fe6130 elementor-widget elementor-widget-image\" data-id=\"0fe6130\" data-element_type=\"widget\" data-widget_type=\"image.default\">\n\t\t\t\t<div class=\"elementor-widget-container\">\n\t\t\t\t\t\t\t\t\t\t\t\t\t<img decoding=\"async\" width=\"692\" height=\"879\" src=\"https:\/\/alexandrasolnado.com\/flash\/wp-content\/uploads\/2021\/08\/logo-flash-meditation-alta.png\" class=\"attachment-full size-full wp-image-46\" alt=\"Logotipo Medita\u00e7\u00f5es Flash\" srcset=\"https:\/\/alexandrasolnado.com\/flash\/wp-content\/uploads\/2021\/08\/logo-flash-meditation-alta.png 692w, https:\/\/alexandrasolnado.com\/flash\/wp-content\/uploads\/2021\/08\/logo-flash-meditation-alta-236x300.png 236w\" sizes=\"(max-width: 692px) 100vw, 692px\" \/>\t\t\t\t\t\t\t\t\t\t\t\t\t<\/div>\n\t\t\t\t<\/div>\n\t\t\t\t\t<\/div>\n\t\t<\/div>\n\t\t\t\t<div class=\"has_ae_slider elementor-column elementor-col-25 elementor-inner-column elementor-element elementor-element-ff79381 ae-bg-gallery-type-default\" data-id=\"ff79381\" data-element_type=\"column\">\n\t\t\t<div class=\"elementor-widget-wrap elementor-element-populated\">\n\t\t\t\t\t\t<div class=\"elementor-element elementor-element-ff31948 elementor-widget elementor-widget-text-editor\" data-id=\"ff31948\" data-element_type=\"widget\" data-widget_type=\"text-editor.default\">\n\t\t\t\t<div class=\"elementor-widget-container\">\n\t\t\t<style>\/*! elementor - v3.19.0 - 07-02-2024 *\/\n.elementor-widget-text-editor.elementor-drop-cap-view-stacked .elementor-drop-cap{background-color:#69727d;color:#fff}.elementor-widget-text-editor.elementor-drop-cap-view-framed .elementor-drop-cap{color:#69727d;border:3px solid;background-color:transparent}.elementor-widget-text-editor:not(.elementor-drop-cap-view-default) .elementor-drop-cap{margin-top:8px}.elementor-widget-text-editor:not(.elementor-drop-cap-view-default) .elementor-drop-cap-letter{width:1em;height:1em}.elementor-widget-text-editor .elementor-drop-cap{float:left;text-align:center;line-height:1;font-size:50px}.elementor-widget-text-editor .elementor-drop-cap-letter{display:inline-block}<\/style>\t\t\t\t<p>E se voc\u00ea tivesse ajuda para resgatar sua Crian\u00e7a Interior?<br \/>Poderia encontrar um Futuro melhor.<\/p>\t\t\t\t\t\t<\/div>\n\t\t\t\t<\/div>\n\t\t\t\t<div class=\"elementor-element elementor-element-a2b4ab9 elementor-widget elementor-widget-text-editor\" data-id=\"a2b4ab9\" data-element_type=\"widget\" data-widget_type=\"text-editor.default\">\n\t\t\t\t<div class=\"elementor-widget-container\">\n\t\t\t\t\t\t\t<p><span style=\"color: #9d8253;\">Conectar com a Crian\u00e7a Interior permite:<\/span><\/p><ul><li>Aprender a trazer a energia do <em>n\u00e3o-Karma<\/em> para sua vida<\/li><li>Reviver as mem\u00f3rias de dor da inf\u00e2ncia e limpar<\/li><li>Atenuar as experi\u00eancias do passado<\/li><li>Conhecer seu Karma e limpar<\/li><li>Vibrar em uma energia mais alta, mais evolutiva para o futuro<\/li><\/ul>\t\t\t\t\t\t<\/div>\n\t\t\t\t<\/div>\n\t\t\t\t<div class=\"elementor-element elementor-element-6ba09fe elementor-widget elementor-widget-text-editor\" data-id=\"6ba09fe\" data-element_type=\"widget\" data-widget_type=\"text-editor.default\">\n\t\t\t\t<div class=\"elementor-widget-container\">\n\t\t\t\t\t\t\t<p>Para onde devo enviar a Medita\u00e7\u00e3o Crian\u00e7a Interior Ideal?<\/p>\t\t\t\t\t\t<\/div>\n\t\t\t\t<\/div>\n\t\t\t\t<div class=\"elementor-element elementor-element-8c67ca3 elementor-widget elementor-widget-html\" data-id=\"8c67ca3\" data-element_type=\"widget\" data-widget_type=\"html.default\">\n\t\t\t\t<div class=\"elementor-widget-container\">\n\t\t\t<form accept-charset=\"UTF-8\" action=\"https:\/\/jd274.infusionsoft.com\/app\/form\/process\/53e5b82d6862ebbb25c1d84f0dbcad8a\" class=\"infusion-form\" id=\"inf_form_53e5b82d6862ebbb25c1d84f0dbcad8a\" method=\"POST\">\r\n    <input name=\"inf_form_xid\" type=\"hidden\" value=\"53e5b82d6862ebbb25c1d84f0dbcad8a\" \/>\r\n    <input name=\"inf_form_name\" type=\"hidden\" value=\"Meditacao - Flash Limpeza&#a;PT\" \/>\r\n    <input name=\"infusionsoft_version\" type=\"hidden\" value=\"1.70.0.387648\" \/>\r\n    <div class=\"infusion-field\">\r\n        <label for=\"inf_field_FirstName\" style=\"font-family: 'Avenir'; font-weight: 700; font-size: 18px; text-transform: uppercase; color:#9D8253;\">Nome*<\/label>\r\n        <input id=\"inf_field_FirstName\" name=\"inf_field_FirstName\" placeholder=\"Como gosta de ser chamad@?\" type=\"text\" style=\"font-family: 'Avenir'; font-weight: 400; font-size: 18px; border: 2px solid #9D8253; border-radius: 200px; margin-top:5px;\" \/>\r\n    <\/div>\r\n    <div class=\"infusion-field\" style=\"margin-top:15px;\">\r\n        <label for=\"inf_field_Email\" style=\"font-family: 'Avenir'; font-weight: 700; font-size: 18px; text-transform: uppercase; color:#9D8253;\">E-mail*<\/label>\r\n        <input id=\"inf_field_Email\" name=\"inf_field_Email\" placeholder=\"Digite seu e-mail...\" type=\"text\" style=\"font-family: 'Avenir'; font-weight: 400; font-size: 18px; border: 2px solid #9D8253; border-radius: 200px; margin-top:5px;\" \/>\r\n    <\/div>\r\n    <div>\r\n        <div>&nbsp;<\/div>\r\n    <\/div>\r\n    <div class=\"infusion-submit\" style=\"text-align: center;\">\r\n        <button type=\"submit\" style=\"font-family: 'Avenir'; font-weight: 700; font-size: 16px; text-transform: uppercase; border:0; background-color: #9D8253; color:#fefefe; border-radius:200px; padding: 12px 30px\">Quero fazer a medita\u00e7\u00e3o!<\/button>\r\n    <\/div>\r\n<\/form>\r\n<script type=\"text\/javascript\" src=\"https:\/\/jd274.infusionsoft.app\/app\/webTracking\/getTrackingCode\"><\/script>\r\n<script type=\"text\/javascript\" src=\"https:\/\/jd274.infusionsoft.com\/app\/timezone\/timezoneInputJs?xid=53e5b82d6862ebbb25c1d84f0dbcad8a\"><\/script>\r\n<script type=\"text\/javascript\" src=\"https:\/\/jd274.infusionsoft.com\/js\/jquery\/jquery-3.3.1.js\"><\/script>\r\n<script type=\"text\/javascript\" src=\"https:\/\/jd274.infusionsoft.app\/app\/webform\/overwriteRefererJs\"><\/script>\t\t<\/div>\n\t\t\t\t<\/div>\n\t\t\t\t\t<\/div>\n\t\t<\/div>\n\t\t\t\t<div class=\"has_ae_slider elementor-column elementor-col-25 elementor-inner-column elementor-element elementor-element-337316e elementor-hidden-mobile ae-bg-gallery-type-default\" data-id=\"337316e\" data-element_type=\"column\">\n\t\t\t<div class=\"elementor-widget-wrap\">\n\t\t\t\t\t\t\t<\/div>\n\t\t<\/div>\n\t\t\t\t\t<\/div>\n\t\t<\/section>\n\t\t\t\t\t<\/div>\n\t\t<\/div>\n\t\t\t\t\t<\/div>\n\t\t<\/section>\n\t\t\t\t<\/div>\n\t\t","protected":false},"excerpt":{"rendered":"<p>E se voc\u00ea tivesse ajuda para resgatar sua Crian\u00e7a Interior?Poderia encontrar um Futuro melhor. Conectar com a Crian\u00e7a Interior permite: Aprender a trazer a energia do n\u00e3o-Karma para sua vida Reviver as mem\u00f3rias de dor da inf\u00e2ncia e limpar Atenuar as experi\u00eancias do passado Conhecer seu Karma e limpar Vibrar em uma energia mais alta, [&hellip;]<\/p>\n","protected":false},"author":1,"featured_media":47,"parent":67,"menu_order":0,"comment_status":"closed","ping_status":"closed","template":"","meta":{"footnotes":""},"class_list":["post-234","page","type-page","status-publish","has-post-thumbnail","hentry"],"yoast_head":"<!-- This site is optimized with the Yoast SEO Premium plugin v22.1 (Yoast SEO v22.1) - https:\/\/yoast.com\/wordpress\/plugins\/seo\/ -->\n<title>Medita\u00e7\u00e3o Crian\u00e7a Interior Ideal (Portugal) - Flash Meditation<\/title>\n<meta name=\"description\" content=\"E se voc\u00ea tivesse ajuda para resgatar suas Crian\u00e7as Interiores? Poderia encontrar um Futuro melhor. Fa\u00e7a a medita\u00e7\u00e3o Crian\u00e7a Interior Ideal.\" \/>\n<meta name=\"robots\" content=\"index, follow, max-snippet:-1, max-image-preview:large, max-video-preview:-1\" \/>\n<link rel=\"canonical\" href=\"https:\/\/alexandrasolnado.com\/flash\/criancainterior-pt\/meditacao\/\" \/>\n<meta property=\"og:locale\" content=\"pt_BR\" \/>\n<meta property=\"og:type\" content=\"article\" \/>\n<meta property=\"og:title\" content=\"Medita\u00e7\u00e3o Crian\u00e7a Interior Ideal (Portugal)\" \/>\n<meta property=\"og:description\" content=\"E se voc\u00ea tivesse ajuda para resgatar suas Crian\u00e7as Interiores? Poderia encontrar um Futuro melhor. Fa\u00e7a a medita\u00e7\u00e3o Crian\u00e7a Interior Ideal.\" \/>\n<meta property=\"og:url\" content=\"https:\/\/alexandrasolnado.com\/flash\/criancainterior-pt\/meditacao\/\" \/>\n<meta property=\"og:site_name\" content=\"Flash Meditation\" \/>\n<meta property=\"article:modified_time\" content=\"2021-09-22T16:55:22+00:00\" \/>\n<meta property=\"og:image\" content=\"https:\/\/alexandrasolnado.com\/flash\/wp-content\/uploads\/2021\/08\/logo-pack-quadrado.jpg\" \/>\n\t<meta property=\"og:image:width\" content=\"1000\" \/>\n\t<meta property=\"og:image:height\" content=\"1000\" \/>\n\t<meta property=\"og:image:type\" content=\"image\/jpeg\" \/>\n<meta name=\"twitter:card\" content=\"summary_large_image\" \/>\n<meta name=\"twitter:label1\" content=\"Est. tempo de leitura\" \/>\n\t<meta name=\"twitter:data1\" content=\"1 minuto\" \/>\n<script type=\"application\/ld+json\" class=\"yoast-schema-graph\">{\"@context\":\"https:\/\/schema.org\",\"@graph\":[{\"@type\":\"WebPage\",\"@id\":\"https:\/\/alexandrasolnado.com\/flash\/criancainterior-pt\/meditacao\/\",\"url\":\"https:\/\/alexandrasolnado.com\/flash\/criancainterior-pt\/meditacao\/\",\"name\":\"Medita\u00e7\u00e3o Crian\u00e7a Interior Ideal (Portugal) - Flash Meditation\",\"isPartOf\":{\"@id\":\"https:\/\/alexandrasolnado.com\/flash\/#website\"},\"datePublished\":\"2021-08-20T17:21:31+00:00\",\"dateModified\":\"2021-09-22T16:55:22+00:00\",\"description\":\"E se voc\u00ea tivesse ajuda para resgatar suas Crian\u00e7as Interiores? Poderia encontrar um Futuro melhor. Fa\u00e7a a medita\u00e7\u00e3o Crian\u00e7a Interior Ideal.\",\"breadcrumb\":{\"@id\":\"https:\/\/alexandrasolnado.com\/flash\/criancainterior-pt\/meditacao\/#breadcrumb\"},\"inLanguage\":\"pt-BR\",\"potentialAction\":[{\"@type\":\"ReadAction\",\"target\":[\"https:\/\/alexandrasolnado.com\/flash\/criancainterior-pt\/meditacao\/\"]}]},{\"@type\":\"BreadcrumbList\",\"@id\":\"https:\/\/alexandrasolnado.com\/flash\/criancainterior-pt\/meditacao\/#breadcrumb\",\"itemListElement\":[{\"@type\":\"ListItem\",\"position\":1,\"name\":\"Home\",\"item\":\"https:\/\/alexandrasolnado.com\/flash\/\"},{\"@type\":\"ListItem\",\"position\":2,\"name\":\"Flash Crian\u00e7a Interior (Portugal)\",\"item\":\"https:\/\/alexandrasolnado.com\/flash\/criancainterior-pt\/\"},{\"@type\":\"ListItem\",\"position\":3,\"name\":\"Medita\u00e7\u00e3o Crian\u00e7a Interior Ideal (Portugal)\"}]},{\"@type\":\"WebSite\",\"@id\":\"https:\/\/alexandrasolnado.com\/flash\/#website\",\"url\":\"https:\/\/alexandrasolnado.com\/flash\/\",\"name\":\"Flash Meditation\",\"description\":\"por Alex Solnado\",\"publisher\":{\"@id\":\"https:\/\/alexandrasolnado.com\/flash\/#organization\"},\"potentialAction\":[{\"@type\":\"SearchAction\",\"target\":{\"@type\":\"EntryPoint\",\"urlTemplate\":\"https:\/\/alexandrasolnado.com\/flash\/?s={search_term_string}\"},\"query-input\":\"required name=search_term_string\"}],\"inLanguage\":\"pt-BR\"},{\"@type\":\"Organization\",\"@id\":\"https:\/\/alexandrasolnado.com\/flash\/#organization\",\"name\":\"Flash Meditation\",\"url\":\"https:\/\/alexandrasolnado.com\/flash\/\",\"logo\":{\"@type\":\"ImageObject\",\"inLanguage\":\"pt-BR\",\"@id\":\"https:\/\/alexandrasolnado.com\/flash\/#\/schema\/logo\/image\/\",\"url\":\"https:\/\/alexandrasolnado.com\/flash\/wp-content\/uploads\/2021\/08\/logo-flash-meditation-alta.png\",\"contentUrl\":\"https:\/\/alexandrasolnado.com\/flash\/wp-content\/uploads\/2021\/08\/logo-flash-meditation-alta.png\",\"width\":692,\"height\":879,\"caption\":\"Flash Meditation\"},\"image\":{\"@id\":\"https:\/\/alexandrasolnado.com\/flash\/#\/schema\/logo\/image\/\"}}]}<\/script>\n<!-- \/ Yoast SEO Premium plugin. -->","yoast_head_json":{"title":"Medita\u00e7\u00e3o Crian\u00e7a Interior Ideal (Portugal) - Flash Meditation","description":"E se voc\u00ea tivesse ajuda para resgatar suas Crian\u00e7as Interiores? Poderia encontrar um Futuro melhor. Fa\u00e7a a medita\u00e7\u00e3o Crian\u00e7a Interior Ideal.","robots":{"index":"index","follow":"follow","max-snippet":"max-snippet:-1","max-image-preview":"max-image-preview:large","max-video-preview":"max-video-preview:-1"},"canonical":"https:\/\/alexandrasolnado.com\/flash\/criancainterior-pt\/meditacao\/","og_locale":"pt_BR","og_type":"article","og_title":"Medita\u00e7\u00e3o Crian\u00e7a Interior Ideal (Portugal)","og_description":"E se voc\u00ea tivesse ajuda para resgatar suas Crian\u00e7as Interiores? Poderia encontrar um Futuro melhor. Fa\u00e7a a medita\u00e7\u00e3o Crian\u00e7a Interior Ideal.","og_url":"https:\/\/alexandrasolnado.com\/flash\/criancainterior-pt\/meditacao\/","og_site_name":"Flash Meditation","article_modified_time":"2021-09-22T16:55:22+00:00","og_image":[{"width":1000,"height":1000,"url":"https:\/\/alexandrasolnado.com\/flash\/wp-content\/uploads\/2021\/08\/logo-pack-quadrado.jpg","type":"image\/jpeg"}],"twitter_card":"summary_large_image","twitter_misc":{"Est. tempo de leitura":"1 minuto"},"schema":{"@context":"https:\/\/schema.org","@graph":[{"@type":"WebPage","@id":"https:\/\/alexandrasolnado.com\/flash\/criancainterior-pt\/meditacao\/","url":"https:\/\/alexandrasolnado.com\/flash\/criancainterior-pt\/meditacao\/","name":"Medita\u00e7\u00e3o Crian\u00e7a Interior Ideal (Portugal) - Flash Meditation","isPartOf":{"@id":"https:\/\/alexandrasolnado.com\/flash\/#website"},"datePublished":"2021-08-20T17:21:31+00:00","dateModified":"2021-09-22T16:55:22+00:00","description":"E se voc\u00ea tivesse ajuda para resgatar suas Crian\u00e7as Interiores? Poderia encontrar um Futuro melhor. Fa\u00e7a a medita\u00e7\u00e3o Crian\u00e7a Interior Ideal.","breadcrumb":{"@id":"https:\/\/alexandrasolnado.com\/flash\/criancainterior-pt\/meditacao\/#breadcrumb"},"inLanguage":"pt-BR","potentialAction":[{"@type":"ReadAction","target":["https:\/\/alexandrasolnado.com\/flash\/criancainterior-pt\/meditacao\/"]}]},{"@type":"BreadcrumbList","@id":"https:\/\/alexandrasolnado.com\/flash\/criancainterior-pt\/meditacao\/#breadcrumb","itemListElement":[{"@type":"ListItem","position":1,"name":"Home","item":"https:\/\/alexandrasolnado.com\/flash\/"},{"@type":"ListItem","position":2,"name":"Flash Crian\u00e7a Interior (Portugal)","item":"https:\/\/alexandrasolnado.com\/flash\/criancainterior-pt\/"},{"@type":"ListItem","position":3,"name":"Medita\u00e7\u00e3o Crian\u00e7a Interior Ideal (Portugal)"}]},{"@type":"WebSite","@id":"https:\/\/alexandrasolnado.com\/flash\/#website","url":"https:\/\/alexandrasolnado.com\/flash\/","name":"Flash Meditation","description":"por Alex Solnado","publisher":{"@id":"https:\/\/alexandrasolnado.com\/flash\/#organization"},"potentialAction":[{"@type":"SearchAction","target":{"@type":"EntryPoint","urlTemplate":"https:\/\/alexandrasolnado.com\/flash\/?s={search_term_string}"},"query-input":"required name=search_term_string"}],"inLanguage":"pt-BR"},{"@type":"Organization","@id":"https:\/\/alexandrasolnado.com\/flash\/#organization","name":"Flash Meditation","url":"https:\/\/alexandrasolnado.com\/flash\/","logo":{"@type":"ImageObject","inLanguage":"pt-BR","@id":"https:\/\/alexandrasolnado.com\/flash\/#\/schema\/logo\/image\/","url":"https:\/\/alexandrasolnado.com\/flash\/wp-content\/uploads\/2021\/08\/logo-flash-meditation-alta.png","contentUrl":"https:\/\/alexandrasolnado.com\/flash\/wp-content\/uploads\/2021\/08\/logo-flash-meditation-alta.png","width":692,"height":879,"caption":"Flash Meditation"},"image":{"@id":"https:\/\/alexandrasolnado.com\/flash\/#\/schema\/logo\/image\/"}}]}},"_links":{"self":[{"href":"https:\/\/alexandrasolnado.com\/flash\/wp-json\/wp\/v2\/pages\/234","targetHints":{"allow":["GET"]}}],"collection":[{"href":"https:\/\/alexandrasolnado.com\/flash\/wp-json\/wp\/v2\/pages"}],"about":[{"href":"https:\/\/alexandrasolnado.com\/flash\/wp-json\/wp\/v2\/types\/page"}],"author":[{"embeddable":true,"href":"https:\/\/alexandrasolnado.com\/flash\/wp-json\/wp\/v2\/users\/1"}],"replies":[{"embeddable":true,"href":"https:\/\/alexandrasolnado.com\/flash\/wp-json\/wp\/v2\/comments?post=234"}],"version-history":[{"count":0,"href":"https:\/\/alexandrasolnado.com\/flash\/wp-json\/wp\/v2\/pages\/234\/revisions"}],"up":[{"embeddable":true,"href":"https:\/\/alexandrasolnado.com\/flash\/wp-json\/wp\/v2\/pages\/67"}],"wp:featuredmedia":[{"embeddable":true,"href":"https:\/\/alexandrasolnado.com\/flash\/wp-json\/wp\/v2\/media\/47"}],"wp:attachment":[{"href":"https:\/\/alexandrasolnado.com\/flash\/wp-json\/wp\/v2\/media?parent=234"}],"curies":[{"name":"wp","href":"https:\/\/api.w.org\/{rel}","templated":true}]}}