{"id":610,"date":"2021-08-26T15:11:09","date_gmt":"2021-08-26T18:11:09","guid":{"rendered":"https:\/\/alexandrasolnado.com\/flash\/?page_id=610"},"modified":"2021-08-30T14:10:24","modified_gmt":"2021-08-30T17:10:24","slug":"meditacao","status":"publish","type":"page","link":"https:\/\/alexandrasolnado.com\/flash\/karma-br\/meditacao\/","title":{"rendered":"Medita\u00e7\u00e3o O Karma (Brasil)"},"content":{"rendered":"\t\t<div data-elementor-type=\"wp-page\" data-elementor-id=\"610\" class=\"elementor elementor-610\" data-elementor-post-type=\"page\">\n\t\t\t\t\t\t<section data-particle_enable=\"false\" data-particle-mobile-disabled=\"false\" class=\"has_ae_slider elementor-section elementor-top-section elementor-element elementor-element-24c9180 elementor-section-boxed elementor-section-height-default elementor-section-height-default ae-bg-gallery-type-default\" data-id=\"24c9180\" data-element_type=\"section\">\n\t\t\t\t\t\t<div class=\"elementor-container elementor-column-gap-default\">\n\t\t\t\t\t<div class=\"has_ae_slider elementor-column elementor-col-100 elementor-top-column elementor-element elementor-element-7a59b15 ae-bg-gallery-type-default\" data-id=\"7a59b15\" data-element_type=\"column\">\n\t\t\t<div class=\"elementor-widget-wrap elementor-element-populated\">\n\t\t\t\t\t\t<div class=\"elementor-element elementor-element-e7222f7 elementor-widget elementor-widget-image\" data-id=\"e7222f7\" data-element_type=\"widget\" data-widget_type=\"image.default\">\n\t\t\t\t<div class=\"elementor-widget-container\">\n\t\t\t<style>\/*! elementor - v3.19.0 - 07-02-2024 *\/\n.elementor-widget-image{text-align:center}.elementor-widget-image a{display:inline-block}.elementor-widget-image a img[src$=\".svg\"]{width:48px}.elementor-widget-image img{vertical-align:middle;display:inline-block}<\/style>\t\t\t\t\t\t\t\t\t\t<img fetchpriority=\"high\" decoding=\"async\" width=\"946\" height=\"403\" src=\"https:\/\/alexandrasolnado.com\/flash\/wp-content\/uploads\/2021\/08\/frame-alex-orange-03.png\" class=\"attachment-full size-full wp-image-81\" alt=\"\" srcset=\"https:\/\/alexandrasolnado.com\/flash\/wp-content\/uploads\/2021\/08\/frame-alex-orange-03.png 946w, https:\/\/alexandrasolnado.com\/flash\/wp-content\/uploads\/2021\/08\/frame-alex-orange-03-300x128.png 300w, https:\/\/alexandrasolnado.com\/flash\/wp-content\/uploads\/2021\/08\/frame-alex-orange-03-768x327.png 768w\" sizes=\"(max-width: 946px) 100vw, 946px\" \/>\t\t\t\t\t\t\t\t\t\t\t\t\t<\/div>\n\t\t\t\t<\/div>\n\t\t\t\t<section data-particle_enable=\"false\" data-particle-mobile-disabled=\"false\" class=\"has_ae_slider elementor-section elementor-inner-section elementor-element elementor-element-649457f elementor-section-boxed elementor-section-height-default elementor-section-height-default ae-bg-gallery-type-default\" data-id=\"649457f\" data-element_type=\"section\">\n\t\t\t\t\t\t<div class=\"elementor-container elementor-column-gap-default\">\n\t\t\t\t\t<div class=\"has_ae_slider elementor-column elementor-col-25 elementor-inner-column elementor-element elementor-element-1c930d3 elementor-hidden-mobile ae-bg-gallery-type-default\" data-id=\"1c930d3\" data-element_type=\"column\">\n\t\t\t<div class=\"elementor-widget-wrap\">\n\t\t\t\t\t\t\t<\/div>\n\t\t<\/div>\n\t\t\t\t<div class=\"has_ae_slider elementor-column elementor-col-25 elementor-inner-column elementor-element elementor-element-7ff4460 ae-bg-gallery-type-default\" data-id=\"7ff4460\" data-element_type=\"column\">\n\t\t\t<div class=\"elementor-widget-wrap elementor-element-populated\">\n\t\t\t\t\t\t<div class=\"elementor-element elementor-element-adf7419 elementor-widget elementor-widget-image\" data-id=\"adf7419\" data-element_type=\"widget\" data-widget_type=\"image.default\">\n\t\t\t\t<div class=\"elementor-widget-container\">\n\t\t\t\t\t\t\t\t\t\t\t\t\t<img decoding=\"async\" width=\"692\" height=\"879\" src=\"https:\/\/alexandrasolnado.com\/flash\/wp-content\/uploads\/2021\/08\/logo-flash-meditation-alta.png\" class=\"attachment-full size-full wp-image-46\" alt=\"Logotipo Medita\u00e7\u00f5es Flash\" srcset=\"https:\/\/alexandrasolnado.com\/flash\/wp-content\/uploads\/2021\/08\/logo-flash-meditation-alta.png 692w, https:\/\/alexandrasolnado.com\/flash\/wp-content\/uploads\/2021\/08\/logo-flash-meditation-alta-236x300.png 236w\" sizes=\"(max-width: 692px) 100vw, 692px\" \/>\t\t\t\t\t\t\t\t\t\t\t\t\t<\/div>\n\t\t\t\t<\/div>\n\t\t\t\t\t<\/div>\n\t\t<\/div>\n\t\t\t\t<div class=\"has_ae_slider elementor-column elementor-col-25 elementor-inner-column elementor-element elementor-element-7554334 ae-bg-gallery-type-default\" data-id=\"7554334\" data-element_type=\"column\">\n\t\t\t<div class=\"elementor-widget-wrap elementor-element-populated\">\n\t\t\t\t\t\t<div class=\"elementor-element elementor-element-324559d elementor-widget elementor-widget-text-editor\" data-id=\"324559d\" data-element_type=\"widget\" data-widget_type=\"text-editor.default\">\n\t\t\t\t<div class=\"elementor-widget-container\">\n\t\t\t<style>\/*! elementor - v3.19.0 - 07-02-2024 *\/\n.elementor-widget-text-editor.elementor-drop-cap-view-stacked .elementor-drop-cap{background-color:#69727d;color:#fff}.elementor-widget-text-editor.elementor-drop-cap-view-framed .elementor-drop-cap{color:#69727d;border:3px solid;background-color:transparent}.elementor-widget-text-editor:not(.elementor-drop-cap-view-default) .elementor-drop-cap{margin-top:8px}.elementor-widget-text-editor:not(.elementor-drop-cap-view-default) .elementor-drop-cap-letter{width:1em;height:1em}.elementor-widget-text-editor .elementor-drop-cap{float:left;text-align:center;line-height:1;font-size:50px}.elementor-widget-text-editor .elementor-drop-cap-letter{display:inline-block}<\/style>\t\t\t\t<p>E se voc\u00ea tivesse ajuda para descobrir seu Karma e limpar?<\/p>\t\t\t\t\t\t<\/div>\n\t\t\t\t<\/div>\n\t\t\t\t<div class=\"elementor-element elementor-element-e106ff4 elementor-widget elementor-widget-text-editor\" data-id=\"e106ff4\" data-element_type=\"widget\" data-widget_type=\"text-editor.default\">\n\t\t\t\t<div class=\"elementor-widget-container\">\n\t\t\t\t\t\t\t<p><span style=\"color: #9d8253;\">Conhecer o Karma permite:<\/span><\/p><ul><li>Aprender a lidar com a dor e fazer luto<\/li><li>Desbloquear emocionalmente<\/li><li>Compreender e quebrar os padr\u00f5es repetitivos de comportamento<\/li><li>Encontrar a sua miss\u00e3o nessa Vida<\/li><\/ul>\t\t\t\t\t\t<\/div>\n\t\t\t\t<\/div>\n\t\t\t\t<div class=\"elementor-element elementor-element-23e821e elementor-widget elementor-widget-text-editor\" data-id=\"23e821e\" data-element_type=\"widget\" data-widget_type=\"text-editor.default\">\n\t\t\t\t<div class=\"elementor-widget-container\">\n\t\t\t\t\t\t\t<p>Para onde devo enviar a Medita\u00e7\u00e3o O Karma?<\/p>\t\t\t\t\t\t<\/div>\n\t\t\t\t<\/div>\n\t\t\t\t<div class=\"elementor-element elementor-element-370a17e elementor-widget elementor-widget-html\" data-id=\"370a17e\" data-element_type=\"widget\" data-widget_type=\"html.default\">\n\t\t\t\t<div class=\"elementor-widget-container\">\n\t\t\t<form accept-charset=\"UTF-8\" action=\"https:\/\/jd274.infusionsoft.com\/app\/form\/process\/c31b5fcca7929e774f2454a427cfa69c\" class=\"infusion-form\" id=\"inf_form_c31b5fcca7929e774f2454a427cfa69c\" method=\"POST\">\r\n    <input name=\"inf_form_xid\" type=\"hidden\" value=\"c31b5fcca7929e774f2454a427cfa69c\" \/>\r\n    <input name=\"inf_form_name\" type=\"hidden\" value=\"Meditacao - Flash Limpeza&#a;BR\" \/>\r\n    <input name=\"infusionsoft_version\" type=\"hidden\" value=\"1.70.0.389880\" \/>\r\n    <div class=\"infusion-field\">\r\n        <label for=\"inf_field_FirstName\" style=\"font-family: 'Avenir'; font-weight: 700; font-size: 18px; text-transform: uppercase; color:#9D8253;\">Nome*<\/label>\r\n        <input id=\"inf_field_FirstName\" name=\"inf_field_FirstName\" placeholder=\"Como gosta de ser chamad@?\" type=\"text\" style=\"font-family: 'Avenir'; font-weight: 400; font-size: 18px; border: 2px solid #9D8253; border-radius: 200px; margin-top:5px;\" \/>\r\n    <\/div>\r\n    <div class=\"infusion-field\" style=\"margin-top: 15px;\">\r\n        <label for=\"inf_field_Email\" style=\"font-family: 'Avenir'; font-weight: 700; font-size: 18px; text-transform: uppercase; color:#9D8253;\">E-mail*<\/label>\r\n        <input id=\"inf_field_Email\" name=\"inf_field_Email\" placeholder=\"Digite seu e-mail...\" type=\"text\" style=\"font-family: 'Avenir'; font-weight: 400; font-size: 18px; border: 2px solid #9D8253; border-radius: 200px; margin-top:5px;\" \/>\r\n    <\/div>\r\n    <div>\r\n        <div>&nbsp;<\/div>\r\n    <\/div>\r\n    <div class=\"infusion-submit\" style=\"text-align: center;\">\r\n        <button type=\"submit\" style=\"font-family: 'Avenir'; font-weight: 700; font-size: 16px; text-transform: uppercase; border:0; background-color: #9D8253; color:#fefefe; border-radius:200px; padding: 12px 30px\">Quero fazer a medita\u00e7\u00e3o!<\/button>\r\n    <\/div>\r\n<\/form>\r\n<script type=\"text\/javascript\" src=\"https:\/\/jd274.infusionsoft.app\/app\/webTracking\/getTrackingCode\"><\/script>\r\n<script type=\"text\/javascript\" src=\"https:\/\/jd274.infusionsoft.com\/app\/timezone\/timezoneInputJs?xid=c31b5fcca7929e774f2454a427cfa69c\"><\/script>\r\n<script type=\"text\/javascript\" src=\"https:\/\/jd274.infusionsoft.com\/js\/jquery\/jquery-3.3.1.js\"><\/script>\r\n<script type=\"text\/javascript\" src=\"https:\/\/jd274.infusionsoft.app\/app\/webform\/overwriteRefererJs\"><\/script>\t\t<\/div>\n\t\t\t\t<\/div>\n\t\t\t\t\t<\/div>\n\t\t<\/div>\n\t\t\t\t<div class=\"has_ae_slider elementor-column elementor-col-25 elementor-inner-column elementor-element elementor-element-f53ae5c elementor-hidden-mobile ae-bg-gallery-type-default\" data-id=\"f53ae5c\" data-element_type=\"column\">\n\t\t\t<div class=\"elementor-widget-wrap\">\n\t\t\t\t\t\t\t<\/div>\n\t\t<\/div>\n\t\t\t\t\t<\/div>\n\t\t<\/section>\n\t\t\t\t\t<\/div>\n\t\t<\/div>\n\t\t\t\t\t<\/div>\n\t\t<\/section>\n\t\t\t\t<\/div>\n\t\t","protected":false},"excerpt":{"rendered":"<p>E se voc\u00ea tivesse ajuda para descobrir seu Karma e limpar? Conhecer o Karma permite: Aprender a lidar com a dor e fazer luto Desbloquear emocionalmente Compreender e quebrar os padr\u00f5es repetitivos de comportamento Encontrar a sua miss\u00e3o nessa Vida Para onde devo enviar a Medita\u00e7\u00e3o O Karma? Nome* E-mail* &nbsp; Quero fazer a medita\u00e7\u00e3o!<\/p>\n","protected":false},"author":1,"featured_media":47,"parent":606,"menu_order":0,"comment_status":"closed","ping_status":"closed","template":"","meta":{"footnotes":""},"class_list":["post-610","page","type-page","status-publish","has-post-thumbnail","hentry"],"yoast_head":"<!-- This site is optimized with the Yoast SEO Premium plugin v22.1 (Yoast SEO v22.1) - https:\/\/yoast.com\/wordpress\/plugins\/seo\/ -->\n<title>Medita\u00e7\u00e3o O Karma (Brasil) - Flash Meditation<\/title>\n<meta name=\"description\" content=\"E se voc\u00ea tivesse ajuda para descobrir seu Karma e limpar?\" \/>\n<meta name=\"robots\" content=\"index, follow, max-snippet:-1, max-image-preview:large, max-video-preview:-1\" \/>\n<link rel=\"canonical\" href=\"https:\/\/alexandrasolnado.com\/flash\/karma-br\/meditacao\/\" \/>\n<meta property=\"og:locale\" content=\"pt_BR\" \/>\n<meta property=\"og:type\" content=\"article\" \/>\n<meta property=\"og:title\" content=\"Medita\u00e7\u00e3o O Karma (Brasil)\" \/>\n<meta property=\"og:description\" content=\"E se voc\u00ea tivesse ajuda para descobrir seu Karma e limpar?\" \/>\n<meta property=\"og:url\" content=\"https:\/\/alexandrasolnado.com\/flash\/karma-br\/meditacao\/\" \/>\n<meta property=\"og:site_name\" content=\"Flash Meditation\" \/>\n<meta property=\"article:modified_time\" content=\"2021-08-30T17:10:24+00:00\" \/>\n<meta property=\"og:image\" content=\"https:\/\/alexandrasolnado.com\/flash\/wp-content\/uploads\/2021\/08\/logo-pack-quadrado.jpg\" \/>\n\t<meta property=\"og:image:width\" content=\"1000\" \/>\n\t<meta property=\"og:image:height\" content=\"1000\" \/>\n\t<meta property=\"og:image:type\" content=\"image\/jpeg\" \/>\n<meta name=\"twitter:card\" content=\"summary_large_image\" \/>\n<meta name=\"twitter:label1\" content=\"Est. tempo de leitura\" \/>\n\t<meta name=\"twitter:data1\" content=\"1 minuto\" \/>\n<script type=\"application\/ld+json\" class=\"yoast-schema-graph\">{\"@context\":\"https:\/\/schema.org\",\"@graph\":[{\"@type\":\"WebPage\",\"@id\":\"https:\/\/alexandrasolnado.com\/flash\/karma-br\/meditacao\/\",\"url\":\"https:\/\/alexandrasolnado.com\/flash\/karma-br\/meditacao\/\",\"name\":\"Medita\u00e7\u00e3o O Karma (Brasil) - Flash Meditation\",\"isPartOf\":{\"@id\":\"https:\/\/alexandrasolnado.com\/flash\/#website\"},\"datePublished\":\"2021-08-26T18:11:09+00:00\",\"dateModified\":\"2021-08-30T17:10:24+00:00\",\"description\":\"E se voc\u00ea tivesse ajuda para descobrir seu Karma e limpar?\",\"breadcrumb\":{\"@id\":\"https:\/\/alexandrasolnado.com\/flash\/karma-br\/meditacao\/#breadcrumb\"},\"inLanguage\":\"pt-BR\",\"potentialAction\":[{\"@type\":\"ReadAction\",\"target\":[\"https:\/\/alexandrasolnado.com\/flash\/karma-br\/meditacao\/\"]}]},{\"@type\":\"BreadcrumbList\",\"@id\":\"https:\/\/alexandrasolnado.com\/flash\/karma-br\/meditacao\/#breadcrumb\",\"itemListElement\":[{\"@type\":\"ListItem\",\"position\":1,\"name\":\"Home\",\"item\":\"https:\/\/alexandrasolnado.com\/flash\/\"},{\"@type\":\"ListItem\",\"position\":2,\"name\":\"Flash Karma (Brasil)\",\"item\":\"https:\/\/alexandrasolnado.com\/flash\/karma-br\/\"},{\"@type\":\"ListItem\",\"position\":3,\"name\":\"Medita\u00e7\u00e3o O Karma (Brasil)\"}]},{\"@type\":\"WebSite\",\"@id\":\"https:\/\/alexandrasolnado.com\/flash\/#website\",\"url\":\"https:\/\/alexandrasolnado.com\/flash\/\",\"name\":\"Flash Meditation\",\"description\":\"por Alex Solnado\",\"publisher\":{\"@id\":\"https:\/\/alexandrasolnado.com\/flash\/#organization\"},\"potentialAction\":[{\"@type\":\"SearchAction\",\"target\":{\"@type\":\"EntryPoint\",\"urlTemplate\":\"https:\/\/alexandrasolnado.com\/flash\/?s={search_term_string}\"},\"query-input\":\"required name=search_term_string\"}],\"inLanguage\":\"pt-BR\"},{\"@type\":\"Organization\",\"@id\":\"https:\/\/alexandrasolnado.com\/flash\/#organization\",\"name\":\"Flash Meditation\",\"url\":\"https:\/\/alexandrasolnado.com\/flash\/\",\"logo\":{\"@type\":\"ImageObject\",\"inLanguage\":\"pt-BR\",\"@id\":\"https:\/\/alexandrasolnado.com\/flash\/#\/schema\/logo\/image\/\",\"url\":\"https:\/\/alexandrasolnado.com\/flash\/wp-content\/uploads\/2021\/08\/logo-flash-meditation-alta.png\",\"contentUrl\":\"https:\/\/alexandrasolnado.com\/flash\/wp-content\/uploads\/2021\/08\/logo-flash-meditation-alta.png\",\"width\":692,\"height\":879,\"caption\":\"Flash Meditation\"},\"image\":{\"@id\":\"https:\/\/alexandrasolnado.com\/flash\/#\/schema\/logo\/image\/\"}}]}<\/script>\n<!-- \/ Yoast SEO Premium plugin. -->","yoast_head_json":{"title":"Medita\u00e7\u00e3o O Karma (Brasil) - Flash Meditation","description":"E se voc\u00ea tivesse ajuda para descobrir seu Karma e limpar?","robots":{"index":"index","follow":"follow","max-snippet":"max-snippet:-1","max-image-preview":"max-image-preview:large","max-video-preview":"max-video-preview:-1"},"canonical":"https:\/\/alexandrasolnado.com\/flash\/karma-br\/meditacao\/","og_locale":"pt_BR","og_type":"article","og_title":"Medita\u00e7\u00e3o O Karma (Brasil)","og_description":"E se voc\u00ea tivesse ajuda para descobrir seu Karma e limpar?","og_url":"https:\/\/alexandrasolnado.com\/flash\/karma-br\/meditacao\/","og_site_name":"Flash Meditation","article_modified_time":"2021-08-30T17:10:24+00:00","og_image":[{"width":1000,"height":1000,"url":"https:\/\/alexandrasolnado.com\/flash\/wp-content\/uploads\/2021\/08\/logo-pack-quadrado.jpg","type":"image\/jpeg"}],"twitter_card":"summary_large_image","twitter_misc":{"Est. tempo de leitura":"1 minuto"},"schema":{"@context":"https:\/\/schema.org","@graph":[{"@type":"WebPage","@id":"https:\/\/alexandrasolnado.com\/flash\/karma-br\/meditacao\/","url":"https:\/\/alexandrasolnado.com\/flash\/karma-br\/meditacao\/","name":"Medita\u00e7\u00e3o O Karma (Brasil) - Flash Meditation","isPartOf":{"@id":"https:\/\/alexandrasolnado.com\/flash\/#website"},"datePublished":"2021-08-26T18:11:09+00:00","dateModified":"2021-08-30T17:10:24+00:00","description":"E se voc\u00ea tivesse ajuda para descobrir seu Karma e limpar?","breadcrumb":{"@id":"https:\/\/alexandrasolnado.com\/flash\/karma-br\/meditacao\/#breadcrumb"},"inLanguage":"pt-BR","potentialAction":[{"@type":"ReadAction","target":["https:\/\/alexandrasolnado.com\/flash\/karma-br\/meditacao\/"]}]},{"@type":"BreadcrumbList","@id":"https:\/\/alexandrasolnado.com\/flash\/karma-br\/meditacao\/#breadcrumb","itemListElement":[{"@type":"ListItem","position":1,"name":"Home","item":"https:\/\/alexandrasolnado.com\/flash\/"},{"@type":"ListItem","position":2,"name":"Flash Karma (Brasil)","item":"https:\/\/alexandrasolnado.com\/flash\/karma-br\/"},{"@type":"ListItem","position":3,"name":"Medita\u00e7\u00e3o O Karma (Brasil)"}]},{"@type":"WebSite","@id":"https:\/\/alexandrasolnado.com\/flash\/#website","url":"https:\/\/alexandrasolnado.com\/flash\/","name":"Flash Meditation","description":"por Alex Solnado","publisher":{"@id":"https:\/\/alexandrasolnado.com\/flash\/#organization"},"potentialAction":[{"@type":"SearchAction","target":{"@type":"EntryPoint","urlTemplate":"https:\/\/alexandrasolnado.com\/flash\/?s={search_term_string}"},"query-input":"required name=search_term_string"}],"inLanguage":"pt-BR"},{"@type":"Organization","@id":"https:\/\/alexandrasolnado.com\/flash\/#organization","name":"Flash Meditation","url":"https:\/\/alexandrasolnado.com\/flash\/","logo":{"@type":"ImageObject","inLanguage":"pt-BR","@id":"https:\/\/alexandrasolnado.com\/flash\/#\/schema\/logo\/image\/","url":"https:\/\/alexandrasolnado.com\/flash\/wp-content\/uploads\/2021\/08\/logo-flash-meditation-alta.png","contentUrl":"https:\/\/alexandrasolnado.com\/flash\/wp-content\/uploads\/2021\/08\/logo-flash-meditation-alta.png","width":692,"height":879,"caption":"Flash Meditation"},"image":{"@id":"https:\/\/alexandrasolnado.com\/flash\/#\/schema\/logo\/image\/"}}]}},"_links":{"self":[{"href":"https:\/\/alexandrasolnado.com\/flash\/wp-json\/wp\/v2\/pages\/610","targetHints":{"allow":["GET"]}}],"collection":[{"href":"https:\/\/alexandrasolnado.com\/flash\/wp-json\/wp\/v2\/pages"}],"about":[{"href":"https:\/\/alexandrasolnado.com\/flash\/wp-json\/wp\/v2\/types\/page"}],"author":[{"embeddable":true,"href":"https:\/\/alexandrasolnado.com\/flash\/wp-json\/wp\/v2\/users\/1"}],"replies":[{"embeddable":true,"href":"https:\/\/alexandrasolnado.com\/flash\/wp-json\/wp\/v2\/comments?post=610"}],"version-history":[{"count":0,"href":"https:\/\/alexandrasolnado.com\/flash\/wp-json\/wp\/v2\/pages\/610\/revisions"}],"up":[{"embeddable":true,"href":"https:\/\/alexandrasolnado.com\/flash\/wp-json\/wp\/v2\/pages\/606"}],"wp:featuredmedia":[{"embeddable":true,"href":"https:\/\/alexandrasolnado.com\/flash\/wp-json\/wp\/v2\/media\/47"}],"wp:attachment":[{"href":"https:\/\/alexandrasolnado.com\/flash\/wp-json\/wp\/v2\/media?parent=610"}],"curies":[{"name":"wp","href":"https:\/\/api.w.org\/{rel}","templated":true}]}}